{"id":6188,"date":"2024-12-27T17:48:32","date_gmt":"2024-12-27T09:48:32","guid":{"rendered":"https:\/\/www.rankofishing.com\/?post_type=product&#038;p=6188"},"modified":"2024-12-27T17:48:32","modified_gmt":"2024-12-27T09:48:32","slug":"rankofishing-falling-iron-plate-road-asian-bait-strengthening-three-hook-bank-throwing-long-throw-bank-throwing-falling-iron-plate-fake-bait-bayfish-bait","status":"publish","type":"product","link":"https:\/\/www.rankofishing.com\/pt\/product\/rankofishing-falling-iron-plate-road-asian-bait-strengthening-three-hook-bank-throwing-long-throw-bank-throwing-falling-iron-plate-fake-bait-bayfish-bait\/","title":{"rendered":"RANKOFISHING | Isca asi\u00e1tica de placa de ferro caindo, isca de refor\u00e7o de tr\u00eas anz\u00f3is, lan\u00e7amento de banco longo, lan\u00e7amento de banco, isca falsa de placa de ferro caindo, isca de baiacu"},"content":{"rendered":"<table>\n<tbody>\n<tr>\n<td width=\"104\">N\u00ba do item.<\/td>\n<td width=\"461\">\u00a0RK27<\/td>\n<\/tr>\n<tr>\n<td>Material do corpo<\/td>\n<td>\n<div>\n<div data-zone-id=\"0\" data-line-index=\"0\" data-line=\"true\">Metal<\/div>\n<\/div>\n<\/td>\n<\/tr>\n<tr>\n<td>Peso<\/td>\n<td><\/td>\n<\/tr>\n<tr>\n<td>Comprimento<\/td>\n<td><\/td>\n<\/tr>\n<tr>\n<td>Status<\/td>\n<td>\u00a0 Afundando<\/td>\n<\/tr>\n<tr>\n<td>Cat\u00e1logo<\/td>\n<td>\n<div>\n<div data-zone-id=\"0\" data-line-index=\"0\" data-line=\"true\">Gabarito de metal<\/div>\n<\/div>\n<\/td>\n<\/tr>\n<\/tbody>\n<\/table>","protected":false},"excerpt":{"rendered":"<p>N\u00ba do item RK27 Material do corpo Metal Peso Comprimento Status Afundando Cat\u00e1logo Metal Jig<\/p>","protected":false},"featured_media":6192,"template":"","meta":[],"product_categories":[23],"class_list":["post-6188","product","type-product","status-publish","has-post-thumbnail","hentry","product_categories-metal-jig"],"acf":[],"_links":{"self":[{"href":"https:\/\/www.rankofishing.com\/pt\/wp-json\/wp\/v2\/product\/6188","targetHints":{"allow":["GET"]}}],"collection":[{"href":"https:\/\/www.rankofishing.com\/pt\/wp-json\/wp\/v2\/product"}],"about":[{"href":"https:\/\/www.rankofishing.com\/pt\/wp-json\/wp\/v2\/types\/product"}],"wp:featuredmedia":[{"embeddable":true,"href":"https:\/\/www.rankofishing.com\/pt\/wp-json\/wp\/v2\/media\/6192"}],"wp:attachment":[{"href":"https:\/\/www.rankofishing.com\/pt\/wp-json\/wp\/v2\/media?parent=6188"}],"wp:term":[{"taxonomy":"product_categories","embeddable":true,"href":"https:\/\/www.rankofishing.com\/pt\/wp-json\/wp\/v2\/product_categories?post=6188"}],"curies":[{"name":"wp","href":"https:\/\/api.w.org\/{rel}","templated":true}]}}