{"id":6155,"date":"2024-12-27T17:36:38","date_gmt":"2024-12-27T09:36:38","guid":{"rendered":"https:\/\/www.rankofishing.com\/?post_type=product&#038;p=6155"},"modified":"2024-12-27T17:36:38","modified_gmt":"2024-12-27T09:36:38","slug":"rankofishing-japanese-style-double-hook-iron-plate-sea-fishing-lead-fish-lure-slow-shaking-long-throw-to-shore-throwing-with-hairy-blood-groove-hook-mackerel-bait","status":"publish","type":"product","link":"https:\/\/www.rankofishing.com\/pt\/product\/rankofishing-japanese-style-double-hook-iron-plate-sea-fishing-lead-fish-lure-slow-shaking-long-throw-to-shore-throwing-with-hairy-blood-groove-hook-mackerel-bait\/","title":{"rendered":"RANKOFISHING | Isca de chumbo para pesca mar\u00edtima com chapa de ferro e anzol duplo estilo japon\u00eas, agita\u00e7\u00e3o lenta, lan\u00e7amento longo para a costa, lan\u00e7amento com anzol peludo com sulco de sangue, isca de cavala"},"content":{"rendered":"<table>\n<tbody>\n<tr>\n<td width=\"104\">N\u00ba do item.<\/td>\n<td width=\"461\">\u00a0RK24<\/td>\n<\/tr>\n<tr>\n<td>Material do corpo<\/td>\n<td>\n<div>\n<div data-zone-id=\"0\" data-line-index=\"0\" data-line=\"true\">Metal<\/div>\n<\/div>\n<\/td>\n<\/tr>\n<tr>\n<td>Peso<\/td>\n<td><\/td>\n<\/tr>\n<tr>\n<td>Comprimento<\/td>\n<td><\/td>\n<\/tr>\n<tr>\n<td>Status<\/td>\n<td>\u00a0 Afundando<\/td>\n<\/tr>\n<tr>\n<td>Cat\u00e1logo<\/td>\n<td>\n<div>\n<div data-zone-id=\"0\" data-line-index=\"0\" data-line=\"true\">Gabarito de metal<\/div>\n<\/div>\n<\/td>\n<\/tr>\n<\/tbody>\n<\/table>","protected":false},"excerpt":{"rendered":"<p>N\u00ba do item RK24 Material do corpo Metal Peso Comprimento Status Afundando Cat\u00e1logo Metal Jig<\/p>","protected":false},"featured_media":6160,"template":"","meta":[],"product_categories":[23],"class_list":["post-6155","product","type-product","status-publish","has-post-thumbnail","hentry","product_categories-metal-jig"],"acf":[],"_links":{"self":[{"href":"https:\/\/www.rankofishing.com\/pt\/wp-json\/wp\/v2\/product\/6155","targetHints":{"allow":["GET"]}}],"collection":[{"href":"https:\/\/www.rankofishing.com\/pt\/wp-json\/wp\/v2\/product"}],"about":[{"href":"https:\/\/www.rankofishing.com\/pt\/wp-json\/wp\/v2\/types\/product"}],"wp:featuredmedia":[{"embeddable":true,"href":"https:\/\/www.rankofishing.com\/pt\/wp-json\/wp\/v2\/media\/6160"}],"wp:attachment":[{"href":"https:\/\/www.rankofishing.com\/pt\/wp-json\/wp\/v2\/media?parent=6155"}],"wp:term":[{"taxonomy":"product_categories","embeddable":true,"href":"https:\/\/www.rankofishing.com\/pt\/wp-json\/wp\/v2\/product_categories?post=6155"}],"curies":[{"name":"wp","href":"https:\/\/api.w.org\/{rel}","templated":true}]}}