{"id":6135,"date":"2024-12-27T17:25:20","date_gmt":"2024-12-27T09:25:20","guid":{"rendered":"https:\/\/www.rankofishing.com\/?post_type=product&#038;p=6135"},"modified":"2024-12-27T17:25:20","modified_gmt":"2024-12-27T09:25:20","slug":"rankofishing-specializing-in-bayu-bait-metal-iron-plate-road-asian-bayu-shore-casting-long-range-casting-falling-iron-plate-fake-bait-rotating-glitter","status":"publish","type":"product","link":"https:\/\/www.rankofishing.com\/pt\/product\/rankofishing-specializing-in-bayu-bait-metal-iron-plate-road-asian-bayu-shore-casting-long-range-casting-falling-iron-plate-fake-bait-rotating-glitter\/","title":{"rendered":"RANKOFISHING | Especializada em iscas Bayu, estrada de chapa de ferro met\u00e1lica, arremesso de Bayu na costa asi\u00e1tica, arremesso de longo alcance, iscas falsas de chapa de ferro caindo, glitter girat\u00f3rio"},"content":{"rendered":"<table>\n<tbody>\n<tr>\n<td width=\"104\">N\u00ba do item.<\/td>\n<td width=\"461\">\u00a0RK22<\/td>\n<\/tr>\n<tr>\n<td>Material do corpo<\/td>\n<td>\n<div>\n<div data-zone-id=\"0\" data-line-index=\"0\" data-line=\"true\">Metal<\/div>\n<\/div>\n<\/td>\n<\/tr>\n<tr>\n<td>Peso<\/td>\n<td><\/td>\n<\/tr>\n<tr>\n<td>Comprimento<\/td>\n<td><\/td>\n<\/tr>\n<tr>\n<td>Status<\/td>\n<td>\u00a0 Afundando<\/td>\n<\/tr>\n<tr>\n<td>Cat\u00e1logo<\/td>\n<td>\n<div>\n<div data-zone-id=\"0\" data-line-index=\"0\" data-line=\"true\">Gabarito de metal<\/div>\n<\/div>\n<\/td>\n<\/tr>\n<\/tbody>\n<\/table>","protected":false},"excerpt":{"rendered":"<p>N\u00ba do item RK22 Material do corpo Metal Peso Comprimento Status Afundando Cat\u00e1logo Metal Jig<\/p>","protected":false},"featured_media":6138,"template":"","meta":[],"product_categories":[23],"class_list":["post-6135","product","type-product","status-publish","has-post-thumbnail","hentry","product_categories-metal-jig"],"acf":[],"_links":{"self":[{"href":"https:\/\/www.rankofishing.com\/pt\/wp-json\/wp\/v2\/product\/6135","targetHints":{"allow":["GET"]}}],"collection":[{"href":"https:\/\/www.rankofishing.com\/pt\/wp-json\/wp\/v2\/product"}],"about":[{"href":"https:\/\/www.rankofishing.com\/pt\/wp-json\/wp\/v2\/types\/product"}],"wp:featuredmedia":[{"embeddable":true,"href":"https:\/\/www.rankofishing.com\/pt\/wp-json\/wp\/v2\/media\/6138"}],"wp:attachment":[{"href":"https:\/\/www.rankofishing.com\/pt\/wp-json\/wp\/v2\/media?parent=6135"}],"wp:term":[{"taxonomy":"product_categories","embeddable":true,"href":"https:\/\/www.rankofishing.com\/pt\/wp-json\/wp\/v2\/product_categories?post=6135"}],"curies":[{"name":"wp","href":"https:\/\/api.w.org\/{rel}","templated":true}]}}