{"id":6114,"date":"2024-12-27T17:16:47","date_gmt":"2024-12-27T09:16:47","guid":{"rendered":"https:\/\/www.rankofishing.com\/?post_type=product&#038;p=6114"},"modified":"2024-12-27T17:21:59","modified_gmt":"2024-12-27T09:21:59","slug":"rankofishing-explosive-fishing-shore-throwing-iron-plate-sea-fishing-lead-fish-road-bait-slow-shaking-far-throwing-shore-throwing-with-hairy-blood-groove-hook-mackerel-bait","status":"publish","type":"product","link":"https:\/\/www.rankofishing.com\/pt\/product\/rankofishing-explosive-fishing-shore-throwing-iron-plate-sea-fishing-lead-fish-road-bait-slow-shaking-far-throwing-shore-throwing-with-hairy-blood-groove-hook-mackerel-bait\/","title":{"rendered":"RANKOFISHING | pesca explosiva de praia, lan\u00e7amento de placa de ferro, pesca mar\u00edtima, chumbo, isca de estrada, agita\u00e7\u00e3o lenta, lan\u00e7amento de longa dist\u00e2ncia, lan\u00e7amento de praia com anzol de sangue peludo, isca de cavala"},"content":{"rendered":"<table>\n<tbody>\n<tr>\n<td width=\"104\">N\u00ba do item.<\/td>\n<td width=\"461\">\u00a0RK21<\/td>\n<\/tr>\n<tr>\n<td>Material do corpo<\/td>\n<td>\n<div>\n<div data-zone-id=\"0\" data-line-index=\"0\" data-line=\"true\">Metal<\/div>\n<\/div>\n<\/td>\n<\/tr>\n<tr>\n<td>Peso<\/td>\n<td><\/td>\n<\/tr>\n<tr>\n<td>Comprimento<\/td>\n<td><\/td>\n<\/tr>\n<tr>\n<td>Status<\/td>\n<td>\u00a0 Afundando<\/td>\n<\/tr>\n<tr>\n<td>Cat\u00e1logo<\/td>\n<td>\n<div>\n<div data-zone-id=\"0\" data-line-index=\"0\" data-line=\"true\">Gabarito de metal<\/div>\n<\/div>\n<\/td>\n<\/tr>\n<\/tbody>\n<\/table>","protected":false},"excerpt":{"rendered":"<p>N\u00ba do item RK21 Material do corpo Metal Peso Comprimento Status Afundando Cat\u00e1logo Metal Jig<\/p>","protected":false},"featured_media":6129,"template":"","meta":[],"product_categories":[23],"class_list":["post-6114","product","type-product","status-publish","has-post-thumbnail","hentry","product_categories-metal-jig"],"acf":[],"_links":{"self":[{"href":"https:\/\/www.rankofishing.com\/pt\/wp-json\/wp\/v2\/product\/6114","targetHints":{"allow":["GET"]}}],"collection":[{"href":"https:\/\/www.rankofishing.com\/pt\/wp-json\/wp\/v2\/product"}],"about":[{"href":"https:\/\/www.rankofishing.com\/pt\/wp-json\/wp\/v2\/types\/product"}],"wp:featuredmedia":[{"embeddable":true,"href":"https:\/\/www.rankofishing.com\/pt\/wp-json\/wp\/v2\/media\/6129"}],"wp:attachment":[{"href":"https:\/\/www.rankofishing.com\/pt\/wp-json\/wp\/v2\/media?parent=6114"}],"wp:term":[{"taxonomy":"product_categories","embeddable":true,"href":"https:\/\/www.rankofishing.com\/pt\/wp-json\/wp\/v2\/product_categories?post=6114"}],"curies":[{"name":"wp","href":"https:\/\/api.w.org\/{rel}","templated":true}]}}