{"id":6103,"date":"2024-12-27T17:12:45","date_gmt":"2024-12-27T09:12:45","guid":{"rendered":"https:\/\/www.rankofishing.com\/?post_type=product&#038;p=6103"},"modified":"2024-12-27T17:12:45","modified_gmt":"2024-12-27T09:12:45","slug":"rankofishing-double-hook-iron-plate-remote-casting-bait-shore-casting-lead-fish-road-bait-sub-bait-metal-bait-slow-shaking-reinforced-hook-mackerel-bait-sea-fishing","status":"publish","type":"product","link":"https:\/\/www.rankofishing.com\/pt\/product\/rankofishing-double-hook-iron-plate-remote-casting-bait-shore-casting-lead-fish-road-bait-sub-bait-metal-bait-slow-shaking-reinforced-hook-mackerel-bait-sea-fishing\/","title":{"rendered":"RANKOFISHING | isca de ferro com anzol duplo para arremesso remoto, isca de chumbo para arremesso na praia, isca de estrada, sub isca, isca de metal, agita\u00e7\u00e3o lenta, anzol refor\u00e7ado, isca de cavala, pesca mar\u00edtima"},"content":{"rendered":"<table>\n<tbody>\n<tr>\n<td width=\"104\">N\u00ba do item.<\/td>\n<td width=\"461\">\u00a0RK20<\/td>\n<\/tr>\n<tr>\n<td>Material do corpo<\/td>\n<td>\n<div>\n<div data-zone-id=\"0\" data-line-index=\"0\" data-line=\"true\">Metal<\/div>\n<\/div>\n<\/td>\n<\/tr>\n<tr>\n<td>Peso<\/td>\n<td><\/td>\n<\/tr>\n<tr>\n<td>Comprimento<\/td>\n<td><\/td>\n<\/tr>\n<tr>\n<td>Status<\/td>\n<td>\u00a0 Afundando<\/td>\n<\/tr>\n<tr>\n<td>Cat\u00e1logo<\/td>\n<td>\n<div>\n<div data-zone-id=\"0\" data-line-index=\"0\" data-line=\"true\">Gabarito de metal<\/div>\n<\/div>\n<\/td>\n<\/tr>\n<\/tbody>\n<\/table>","protected":false},"excerpt":{"rendered":"<p>N\u00ba do item RK20 Material do corpo Metal Peso Comprimento Status Afundando Cat\u00e1logo Metal Jig<\/p>","protected":false},"featured_media":6104,"template":"","meta":[],"product_categories":[23],"class_list":["post-6103","product","type-product","status-publish","has-post-thumbnail","hentry","product_categories-metal-jig"],"acf":[],"_links":{"self":[{"href":"https:\/\/www.rankofishing.com\/pt\/wp-json\/wp\/v2\/product\/6103","targetHints":{"allow":["GET"]}}],"collection":[{"href":"https:\/\/www.rankofishing.com\/pt\/wp-json\/wp\/v2\/product"}],"about":[{"href":"https:\/\/www.rankofishing.com\/pt\/wp-json\/wp\/v2\/types\/product"}],"wp:featuredmedia":[{"embeddable":true,"href":"https:\/\/www.rankofishing.com\/pt\/wp-json\/wp\/v2\/media\/6104"}],"wp:attachment":[{"href":"https:\/\/www.rankofishing.com\/pt\/wp-json\/wp\/v2\/media?parent=6103"}],"wp:term":[{"taxonomy":"product_categories","embeddable":true,"href":"https:\/\/www.rankofishing.com\/pt\/wp-json\/wp\/v2\/product_categories?post=6103"}],"curies":[{"name":"wp","href":"https:\/\/api.w.org\/{rel}","templated":true}]}}