{"id":6092,"date":"2024-12-27T17:04:23","date_gmt":"2024-12-27T09:04:23","guid":{"rendered":"https:\/\/www.rankofishing.com\/?post_type=product&#038;p=6092"},"modified":"2024-12-27T17:04:23","modified_gmt":"2024-12-27T09:04:23","slug":"rankofishing-20-pieces-of-soft-bait-for-root-fishing-floating-shrimp-type-soft-bait-lure-soft-bait-biomimetic-false-bait-upturned-mouth-black-hole-wild-fishing","status":"publish","type":"product","link":"https:\/\/www.rankofishing.com\/pt\/product\/rankofishing-20-pieces-of-soft-bait-for-root-fishing-floating-shrimp-type-soft-bait-lure-soft-bait-biomimetic-false-bait-upturned-mouth-black-hole-wild-fishing\/","title":{"rendered":"RANKOFISHING | 20 pe\u00e7as de isca macia para pesca de raiz, isca macia tipo camar\u00e3o flutuante, isca macia tipo isca, isca falsa biomim\u00e9tica, boca virada para cima, buraco negro, pesca selvagem"},"content":{"rendered":"<table>\n<tbody>\n<tr>\n<td width=\"104\">N\u00ba do item.<\/td>\n<td width=\"461\">\u00a0RK18<\/td>\n<\/tr>\n<tr>\n<td>Material do corpo<\/td>\n<td><\/td>\n<\/tr>\n<tr>\n<td>Peso<\/td>\n<td><\/td>\n<\/tr>\n<tr>\n<td>Comprimento<\/td>\n<td><\/td>\n<\/tr>\n<tr>\n<td>Status<\/td>\n<td>\u00a0 Afundando<\/td>\n<\/tr>\n<tr>\n<td>Cat\u00e1logo<\/td>\n<td>Iscas de lagostim<\/td>\n<\/tr>\n<\/tbody>\n<\/table>","protected":false},"excerpt":{"rendered":"<p>N\u00ba do item RK18 Material do corpo Peso Comprimento Status Afundando Cat\u00e1logo Iscas de lagostim<\/p>","protected":false},"featured_media":6097,"template":"","meta":[],"product_categories":[15],"class_list":["post-6092","product","type-product","status-publish","has-post-thumbnail","hentry","product_categories-crawfish-baits"],"acf":[],"_links":{"self":[{"href":"https:\/\/www.rankofishing.com\/pt\/wp-json\/wp\/v2\/product\/6092","targetHints":{"allow":["GET"]}}],"collection":[{"href":"https:\/\/www.rankofishing.com\/pt\/wp-json\/wp\/v2\/product"}],"about":[{"href":"https:\/\/www.rankofishing.com\/pt\/wp-json\/wp\/v2\/types\/product"}],"wp:featuredmedia":[{"embeddable":true,"href":"https:\/\/www.rankofishing.com\/pt\/wp-json\/wp\/v2\/media\/6097"}],"wp:attachment":[{"href":"https:\/\/www.rankofishing.com\/pt\/wp-json\/wp\/v2\/media?parent=6092"}],"wp:term":[{"taxonomy":"product_categories","embeddable":true,"href":"https:\/\/www.rankofishing.com\/pt\/wp-json\/wp\/v2\/product_categories?post=6092"}],"curies":[{"name":"wp","href":"https:\/\/api.w.org\/{rel}","templated":true}]}}