{"id":6066,"date":"2024-12-27T16:52:14","date_gmt":"2024-12-27T08:52:14","guid":{"rendered":"https:\/\/www.rankofishing.com\/?post_type=product&#038;p=6066"},"modified":"2024-12-27T16:52:14","modified_gmt":"2024-12-27T08:52:14","slug":"rankofishing-night-light-hanging-shrimp-lure-high-simulation-shrimp-fake-bait-with-hook-soft-bait-biomimetic-bait-freshwater-fake-shrimp-cross-border","status":"publish","type":"product","link":"https:\/\/www.rankofishing.com\/pt\/product\/rankofishing-night-light-hanging-shrimp-lure-high-simulation-shrimp-fake-bait-with-hook-soft-bait-biomimetic-bait-freshwater-fake-shrimp-cross-border\/","title":{"rendered":"RANKOFISHING | Isca de camar\u00e3o pendurada com luz noturna, isca falsa de camar\u00e3o de alta simula\u00e7\u00e3o com anzol, isca macia, isca biomim\u00e9tica, isca falsa de camar\u00e3o de \u00e1gua doce transfronteiri\u00e7a"},"content":{"rendered":"<table>\n<tbody>\n<tr>\n<td width=\"104\">N\u00ba do item.<\/td>\n<td width=\"461\">\u00a0RK15<\/td>\n<\/tr>\n<tr>\n<td>Material do corpo<\/td>\n<td><\/td>\n<\/tr>\n<tr>\n<td>Peso<\/td>\n<td><\/td>\n<\/tr>\n<tr>\n<td>Comprimento<\/td>\n<td><\/td>\n<\/tr>\n<tr>\n<td>Status<\/td>\n<td>\u00a0 Afundando<\/td>\n<\/tr>\n<tr>\n<td>Cat\u00e1logo<\/td>\n<td>Iscas de lagostim<\/td>\n<\/tr>\n<\/tbody>\n<\/table>","protected":false},"excerpt":{"rendered":"<p>N\u00ba do item RK15 Material do corpo Peso Comprimento Status Afundando Cat\u00e1logo Iscas de lagostim<\/p>","protected":false},"featured_media":6074,"template":"","meta":[],"product_categories":[15],"class_list":["post-6066","product","type-product","status-publish","has-post-thumbnail","hentry","product_categories-crawfish-baits"],"acf":[],"_links":{"self":[{"href":"https:\/\/www.rankofishing.com\/pt\/wp-json\/wp\/v2\/product\/6066","targetHints":{"allow":["GET"]}}],"collection":[{"href":"https:\/\/www.rankofishing.com\/pt\/wp-json\/wp\/v2\/product"}],"about":[{"href":"https:\/\/www.rankofishing.com\/pt\/wp-json\/wp\/v2\/types\/product"}],"wp:featuredmedia":[{"embeddable":true,"href":"https:\/\/www.rankofishing.com\/pt\/wp-json\/wp\/v2\/media\/6074"}],"wp:attachment":[{"href":"https:\/\/www.rankofishing.com\/pt\/wp-json\/wp\/v2\/media?parent=6066"}],"wp:term":[{"taxonomy":"product_categories","embeddable":true,"href":"https:\/\/www.rankofishing.com\/pt\/wp-json\/wp\/v2\/product_categories?post=6066"}],"curies":[{"name":"wp","href":"https:\/\/api.w.org\/{rel}","templated":true}]}}