{"id":6036,"date":"2024-12-26T21:06:57","date_gmt":"2024-12-26T13:06:57","guid":{"rendered":"https:\/\/www.rankofishing.com\/?post_type=product&#038;p=6036"},"modified":"2024-12-27T15:50:58","modified_gmt":"2024-12-27T07:50:58","slug":"shark-skimming-vib-metal-glitter-lure-full-swim-layer-long-throw-iron-plate-far-fishing-perch-fake-bait-wholesale","status":"publish","type":"product","link":"https:\/\/www.rankofishing.com\/pt\/product\/shark-skimming-vib-metal-glitter-lure-full-swim-layer-long-throw-iron-plate-far-fishing-perch-fake-bait-wholesale\/","title":{"rendered":"RANKOFISHING | Isca met\u00e1lica brilhante Vib, camada de nata\u00e7\u00e3o completa, lan\u00e7amento longo, chapa de ferro, pesca de longa dist\u00e2ncia, perca, isca falsa no atacado"},"content":{"rendered":"<table>\n<tbody>\n<tr>\n<td width=\"104\">N\u00ba do item.<\/td>\n<td width=\"461\">\u00a0RK12<\/td>\n<\/tr>\n<tr>\n<td>Material do corpo<\/td>\n<td>\u00a0 Metal<\/td>\n<\/tr>\n<tr>\n<td>Peso<\/td>\n<td><\/td>\n<\/tr>\n<tr>\n<td>Comprimento<\/td>\n<td><\/td>\n<\/tr>\n<tr>\n<td>Status<\/td>\n<td>\u00a0 Afundando<\/td>\n<\/tr>\n<tr>\n<td>Cat\u00e1logo<\/td>\n<td>\u00a0VIB<\/td>\n<\/tr>\n<\/tbody>\n<\/table>","protected":false},"excerpt":{"rendered":"<p>N\u00ba do item RK12 Material do corpo Metal Peso Comprimento Status Afundando Cat\u00e1logo VIB<\/p>","protected":false},"featured_media":6047,"template":"","meta":[],"product_categories":[28],"class_list":["post-6036","product","type-product","status-publish","has-post-thumbnail","hentry","product_categories-vib"],"acf":[],"_links":{"self":[{"href":"https:\/\/www.rankofishing.com\/pt\/wp-json\/wp\/v2\/product\/6036","targetHints":{"allow":["GET"]}}],"collection":[{"href":"https:\/\/www.rankofishing.com\/pt\/wp-json\/wp\/v2\/product"}],"about":[{"href":"https:\/\/www.rankofishing.com\/pt\/wp-json\/wp\/v2\/types\/product"}],"wp:featuredmedia":[{"embeddable":true,"href":"https:\/\/www.rankofishing.com\/pt\/wp-json\/wp\/v2\/media\/6047"}],"wp:attachment":[{"href":"https:\/\/www.rankofishing.com\/pt\/wp-json\/wp\/v2\/media?parent=6036"}],"wp:term":[{"taxonomy":"product_categories","embeddable":true,"href":"https:\/\/www.rankofishing.com\/pt\/wp-json\/wp\/v2\/product_categories?post=6036"}],"curies":[{"name":"wp","href":"https:\/\/api.w.org\/{rel}","templated":true}]}}