{"id":6027,"date":"2024-12-26T21:01:48","date_gmt":"2024-12-26T13:01:48","guid":{"rendered":"https:\/\/www.rankofishing.com\/?post_type=product&#038;p=6027"},"modified":"2024-12-27T15:51:32","modified_gmt":"2024-12-27T07:51:32","slug":"shark-skimming-large-mouthed-shark-vib-metal-iron-plate-long-range-casting-sequin-small-whirlwind-road-bait-fake-bait-perch-biomimetic-bait","status":"publish","type":"product","link":"https:\/\/www.rankofishing.com\/pt\/product\/shark-skimming-large-mouthed-shark-vib-metal-iron-plate-long-range-casting-sequin-small-whirlwind-road-bait-fake-bait-perch-biomimetic-bait\/","title":{"rendered":"RANKOFISHING | Tubar\u00e3o boca grande Vib placa de ferro de metal fundi\u00e7\u00e3o de longo alcance lantejoulas pequena isca de estrada redemoinho isca falsa, isca biomim\u00e9tica de perca"},"content":{"rendered":"<table>\n<tbody>\n<tr>\n<td width=\"104\">N\u00ba do item.<\/td>\n<td width=\"461\">\u00a0RK11<\/td>\n<\/tr>\n<tr>\n<td>Material do corpo<\/td>\n<td>\u00a0 Metal<\/td>\n<\/tr>\n<tr>\n<td>Peso<\/td>\n<td><\/td>\n<\/tr>\n<tr>\n<td>Comprimento<\/td>\n<td><\/td>\n<\/tr>\n<tr>\n<td>Status<\/td>\n<td>\u00a0 Afundando<\/td>\n<\/tr>\n<tr>\n<td>Cat\u00e1logo<\/td>\n<td>\n<div>\n<div data-zone-id=\"0\" data-line-index=\"0\" data-line=\"true\">VIB<\/div>\n<\/div>\n<\/td>\n<\/tr>\n<\/tbody>\n<\/table>","protected":false},"excerpt":{"rendered":"<p>N\u00ba do item RK11 Material do corpo Metal Peso Comprimento Status Afundando Cat\u00e1logo VIB<\/p>","protected":false},"featured_media":6034,"template":"","meta":[],"product_categories":[28],"class_list":["post-6027","product","type-product","status-publish","has-post-thumbnail","hentry","product_categories-vib"],"acf":[],"_links":{"self":[{"href":"https:\/\/www.rankofishing.com\/pt\/wp-json\/wp\/v2\/product\/6027","targetHints":{"allow":["GET"]}}],"collection":[{"href":"https:\/\/www.rankofishing.com\/pt\/wp-json\/wp\/v2\/product"}],"about":[{"href":"https:\/\/www.rankofishing.com\/pt\/wp-json\/wp\/v2\/types\/product"}],"wp:featuredmedia":[{"embeddable":true,"href":"https:\/\/www.rankofishing.com\/pt\/wp-json\/wp\/v2\/media\/6034"}],"wp:attachment":[{"href":"https:\/\/www.rankofishing.com\/pt\/wp-json\/wp\/v2\/media?parent=6027"}],"wp:term":[{"taxonomy":"product_categories","embeddable":true,"href":"https:\/\/www.rankofishing.com\/pt\/wp-json\/wp\/v2\/product_categories?post=6027"}],"curies":[{"name":"wp","href":"https:\/\/api.w.org\/{rel}","templated":true}]}}