{"id":6019,"date":"2024-12-26T20:58:41","date_gmt":"2024-12-26T12:58:41","guid":{"rendered":"https:\/\/www.rankofishing.com\/?post_type=product&#038;p=6019"},"modified":"2024-12-27T15:51:41","modified_gmt":"2024-12-27T07:51:41","slug":"shark-skimming-long-throw-lure-spinning-sequins-vib-iron-plate-sequins-lead-bait-biomimetic-lure-lure-lure-tip-flying-water-dog","status":"publish","type":"product","link":"https:\/\/www.rankofishing.com\/pt\/product\/shark-skimming-long-throw-lure-spinning-sequins-vib-iron-plate-sequins-lead-bait-biomimetic-lure-lure-lure-tip-flying-water-dog\/","title":{"rendered":"RANKOFISHING | Isca de longo alcance com lantejoulas girat\u00f3rias, isca de chumbo com lantejoulas de chapa de ferro vibrat\u00f3ria, isca biomim\u00e9tica, ponta de isca para pesca de cachorro aqu\u00e1tico voador"},"content":{"rendered":"<table>\n<tbody>\n<tr>\n<td width=\"104\">N\u00ba do item.<\/td>\n<td width=\"461\">\u00a0RK10<\/td>\n<\/tr>\n<tr>\n<td>Material do corpo<\/td>\n<td>\u00a0 Metal<\/td>\n<\/tr>\n<tr>\n<td>Peso<\/td>\n<td><\/td>\n<\/tr>\n<tr>\n<td>Comprimento<\/td>\n<td><\/td>\n<\/tr>\n<tr>\n<td>Status<\/td>\n<td>\u00a0 Afundando<\/td>\n<\/tr>\n<tr>\n<td>Cat\u00e1logo<\/td>\n<td>\n<div>\n<div data-zone-id=\"0\" data-line-index=\"0\" data-line=\"true\">VIB<\/div>\n<\/div>\n<\/td>\n<\/tr>\n<\/tbody>\n<\/table>","protected":false},"excerpt":{"rendered":"<p>N\u00ba do item RK10 Material do corpo Metal Peso Comprimento Status Afundando Cat\u00e1logo VIB<\/p>","protected":false},"featured_media":6026,"template":"","meta":[],"product_categories":[28],"class_list":["post-6019","product","type-product","status-publish","has-post-thumbnail","hentry","product_categories-vib"],"acf":[],"_links":{"self":[{"href":"https:\/\/www.rankofishing.com\/pt\/wp-json\/wp\/v2\/product\/6019","targetHints":{"allow":["GET"]}}],"collection":[{"href":"https:\/\/www.rankofishing.com\/pt\/wp-json\/wp\/v2\/product"}],"about":[{"href":"https:\/\/www.rankofishing.com\/pt\/wp-json\/wp\/v2\/types\/product"}],"wp:featuredmedia":[{"embeddable":true,"href":"https:\/\/www.rankofishing.com\/pt\/wp-json\/wp\/v2\/media\/6026"}],"wp:attachment":[{"href":"https:\/\/www.rankofishing.com\/pt\/wp-json\/wp\/v2\/media?parent=6019"}],"wp:term":[{"taxonomy":"product_categories","embeddable":true,"href":"https:\/\/www.rankofishing.com\/pt\/wp-json\/wp\/v2\/product_categories?post=6019"}],"curies":[{"name":"wp","href":"https:\/\/api.w.org\/{rel}","templated":true}]}}