{"id":6010,"date":"2024-12-26T20:44:00","date_gmt":"2024-12-26T12:44:00","guid":{"rendered":"https:\/\/www.rankofishing.com\/?post_type=product&#038;p=6010"},"modified":"2024-12-27T15:51:48","modified_gmt":"2024-12-27T07:51:48","slug":"shark-slaying-colorful-amusing-vib-far-throw-metal-glitter-lure-leaping-mouth-bass-mandarin-fish-freshwater-fake-bait-wholesale","status":"publish","type":"product","link":"https:\/\/www.rankofishing.com\/pt\/product\/shark-slaying-colorful-amusing-vib-far-throw-metal-glitter-lure-leaping-mouth-bass-mandarin-fish-freshwater-fake-bait-wholesale\/","title":{"rendered":"RANKOFISHING | Isca met\u00e1lica brilhante colorida e divertida com vibra\u00e7\u00e3o de longo alcance, robalo com boca saltitante, peixe mandarim, isca falsa de \u00e1gua doce no atacado"},"content":{"rendered":"<table>\n<tbody>\n<tr>\n<td width=\"104\">N\u00ba do item.<\/td>\n<td width=\"461\">\u00a0RK09<\/td>\n<\/tr>\n<tr>\n<td>Material do corpo<\/td>\n<td>\u00a0 Metal<\/td>\n<\/tr>\n<tr>\n<td>Peso<\/td>\n<td><\/td>\n<\/tr>\n<tr>\n<td>Comprimento<\/td>\n<td><\/td>\n<\/tr>\n<tr>\n<td>Status<\/td>\n<td>\u00a0 Afundando<\/td>\n<\/tr>\n<tr>\n<td>Cat\u00e1logo<\/td>\n<td>\u00a0 VIB<\/td>\n<\/tr>\n<\/tbody>\n<\/table>","protected":false},"excerpt":{"rendered":"<p>N\u00ba do item RK09 Material do corpo Metal Peso Comprimento Status Afundando Cat\u00e1logo VIB<\/p>","protected":false},"featured_media":6017,"template":"","meta":[],"product_categories":[28],"class_list":["post-6010","product","type-product","status-publish","has-post-thumbnail","hentry","product_categories-vib"],"acf":[],"_links":{"self":[{"href":"https:\/\/www.rankofishing.com\/pt\/wp-json\/wp\/v2\/product\/6010","targetHints":{"allow":["GET"]}}],"collection":[{"href":"https:\/\/www.rankofishing.com\/pt\/wp-json\/wp\/v2\/product"}],"about":[{"href":"https:\/\/www.rankofishing.com\/pt\/wp-json\/wp\/v2\/types\/product"}],"wp:featuredmedia":[{"embeddable":true,"href":"https:\/\/www.rankofishing.com\/pt\/wp-json\/wp\/v2\/media\/6017"}],"wp:attachment":[{"href":"https:\/\/www.rankofishing.com\/pt\/wp-json\/wp\/v2\/media?parent=6010"}],"wp:term":[{"taxonomy":"product_categories","embeddable":true,"href":"https:\/\/www.rankofishing.com\/pt\/wp-json\/wp\/v2\/product_categories?post=6010"}],"curies":[{"name":"wp","href":"https:\/\/api.w.org\/{rel}","templated":true}]}}