{"id":6001,"date":"2024-12-26T20:35:58","date_gmt":"2024-12-26T12:35:58","guid":{"rendered":"https:\/\/www.rankofishing.com\/?post_type=product&#038;p=6001"},"modified":"2024-12-27T15:51:58","modified_gmt":"2024-12-27T07:51:58","slug":"shark-skimming-colorful-dragon-teeth-vib-full-swimming-layer-false-bait-vibration-simulation-bait-long-throw-hard-bait-sea-fishing-hook-mouth-metal-bait","status":"publish","type":"product","link":"https:\/\/www.rankofishing.com\/pt\/product\/shark-skimming-colorful-dragon-teeth-vib-full-swimming-layer-false-bait-vibration-simulation-bait-long-throw-hard-bait-sea-fishing-hook-mouth-metal-bait\/","title":{"rendered":"RANKOFISHING | Dentes de drag\u00e3o coloridos Vibra\u00e7\u00e3o camada completa de nata\u00e7\u00e3o isca falsa simula\u00e7\u00e3o de vibra\u00e7\u00e3o isca dura de longo alcance Pesca mar\u00edtima Isca de metal com boca de anzol"},"content":{"rendered":"<table>\n<tbody>\n<tr>\n<td width=\"104\">N\u00ba do item.<\/td>\n<td width=\"461\">\u00a0RK08<\/td>\n<\/tr>\n<tr>\n<td>Material do corpo<\/td>\n<td>\u00a0 Metal<\/td>\n<\/tr>\n<tr>\n<td>Peso<\/td>\n<td><\/td>\n<\/tr>\n<tr>\n<td>Comprimento<\/td>\n<td><\/td>\n<\/tr>\n<tr>\n<td>Status<\/td>\n<td>\u00a0 Afundando<\/td>\n<\/tr>\n<tr>\n<td>Cat\u00e1logo<\/td>\n<td>\u00a0 VIB<\/td>\n<\/tr>\n<\/tbody>\n<\/table>","protected":false},"excerpt":{"rendered":"<p>N\u00ba do item RK08 Material do corpo Metal Peso Comprimento Status Afundando Cat\u00e1logo VIB<\/p>","protected":false},"featured_media":6003,"template":"","meta":[],"product_categories":[28],"class_list":["post-6001","product","type-product","status-publish","has-post-thumbnail","hentry","product_categories-vib"],"acf":[],"_links":{"self":[{"href":"https:\/\/www.rankofishing.com\/pt\/wp-json\/wp\/v2\/product\/6001","targetHints":{"allow":["GET"]}}],"collection":[{"href":"https:\/\/www.rankofishing.com\/pt\/wp-json\/wp\/v2\/product"}],"about":[{"href":"https:\/\/www.rankofishing.com\/pt\/wp-json\/wp\/v2\/types\/product"}],"wp:featuredmedia":[{"embeddable":true,"href":"https:\/\/www.rankofishing.com\/pt\/wp-json\/wp\/v2\/media\/6003"}],"wp:attachment":[{"href":"https:\/\/www.rankofishing.com\/pt\/wp-json\/wp\/v2\/media?parent=6001"}],"wp:term":[{"taxonomy":"product_categories","embeddable":true,"href":"https:\/\/www.rankofishing.com\/pt\/wp-json\/wp\/v2\/product_categories?post=6001"}],"curies":[{"name":"wp","href":"https:\/\/api.w.org\/{rel}","templated":true}]}}