{"id":3358,"date":"2024-06-26T15:18:32","date_gmt":"2024-06-26T07:18:32","guid":{"rendered":"https:\/\/fudakinfishing.com\/?post_type=product&#038;p=3358"},"modified":"2024-06-26T15:18:32","modified_gmt":"2024-06-26T07:18:32","slug":"flity-bladed-vibe","status":"publish","type":"product","link":"https:\/\/www.rankofishing.com\/pt\/product\/flity-bladed-vibe\/","title":{"rendered":"Vibra\u00e7\u00e3o L\u00e2minada Flity"},"content":{"rendered":"<table>\n<tbody>\n<tr>\n<td width=\"104\">N\u00ba do item.<\/td>\n<td width=\"461\">\u00a0 FBV01<\/td>\n<\/tr>\n<tr>\n<td>Material do corpo<\/td>\n<td>\u00a0 Liderar<\/td>\n<\/tr>\n<tr>\n<td>Peso<\/td>\n<td>\u00a0 29g<\/td>\n<\/tr>\n<tr>\n<td>Comprimento<\/td>\n<td>\u00a0 80 mm<\/td>\n<\/tr>\n<tr>\n<td>Status<\/td>\n<td>\u00a0 Afundando<\/td>\n<\/tr>\n<tr>\n<td>Cat\u00e1logo<\/td>\n<td>\u00a0 VIB<\/td>\n<\/tr>\n<\/tbody>\n<\/table>","protected":false},"excerpt":{"rendered":"<p>N\u00ba do item FBV01 Material do corpo Chumbo Peso 29g Comprimento 80mm Status Afundando Cat\u00e1logo VIB<\/p>","protected":false},"featured_media":3360,"template":"","meta":[],"product_categories":[28],"class_list":["post-3358","product","type-product","status-publish","has-post-thumbnail","hentry","product_categories-vib"],"acf":[],"_links":{"self":[{"href":"https:\/\/www.rankofishing.com\/pt\/wp-json\/wp\/v2\/product\/3358","targetHints":{"allow":["GET"]}}],"collection":[{"href":"https:\/\/www.rankofishing.com\/pt\/wp-json\/wp\/v2\/product"}],"about":[{"href":"https:\/\/www.rankofishing.com\/pt\/wp-json\/wp\/v2\/types\/product"}],"wp:featuredmedia":[{"embeddable":true,"href":"https:\/\/www.rankofishing.com\/pt\/wp-json\/wp\/v2\/media\/3360"}],"wp:attachment":[{"href":"https:\/\/www.rankofishing.com\/pt\/wp-json\/wp\/v2\/media?parent=3358"}],"wp:term":[{"taxonomy":"product_categories","embeddable":true,"href":"https:\/\/www.rankofishing.com\/pt\/wp-json\/wp\/v2\/product_categories?post=3358"}],"curies":[{"name":"wp","href":"https:\/\/api.w.org\/{rel}","templated":true}]}}