{"id":6188,"date":"2024-12-27T17:48:32","date_gmt":"2024-12-27T09:48:32","guid":{"rendered":"https:\/\/www.rankofishing.com\/?post_type=product&#038;p=6188"},"modified":"2024-12-27T17:48:32","modified_gmt":"2024-12-27T09:48:32","slug":"rankofishing-falling-iron-plate-road-asian-bait-strengthening-three-hook-bank-throwing-long-throw-bank-throwing-falling-iron-plate-fake-bait-bayfish-bait","status":"publish","type":"product","link":"https:\/\/www.rankofishing.com\/fr\/product\/rankofishing-falling-iron-plate-road-asian-bait-strengthening-three-hook-bank-throwing-long-throw-bank-throwing-falling-iron-plate-fake-bait-bayfish-bait\/","title":{"rendered":"RANKOFISHING | Plaque de fer tombante Route App\u00e2t asiatique Renforcement Trois hame\u00e7ons Lancer de la rive Lancer long Lancer de la rive Plaque de fer tombante Faux app\u00e2t App\u00e2t Bayfish"},"content":{"rendered":"<table>\n<tbody>\n<tr>\n<td width=\"104\">Article N\u00b0<\/td>\n<td width=\"461\">\u00a0RK27<\/td>\n<\/tr>\n<tr>\n<td>Mat\u00e9riau du corps<\/td>\n<td>\n<div>\n<div data-zone-id=\"0\" data-line-index=\"0\" data-line=\"true\">M\u00e9tal<\/div>\n<\/div>\n<\/td>\n<\/tr>\n<tr>\n<td>Poids<\/td>\n<td><\/td>\n<\/tr>\n<tr>\n<td>Longueur<\/td>\n<td><\/td>\n<\/tr>\n<tr>\n<td>Statut<\/td>\n<td>\u00a0 Naufrage<\/td>\n<\/tr>\n<tr>\n<td>Catalogue<\/td>\n<td>\n<div>\n<div data-zone-id=\"0\" data-line-index=\"0\" data-line=\"true\">Gabarit en m\u00e9tal<\/div>\n<\/div>\n<\/td>\n<\/tr>\n<\/tbody>\n<\/table>","protected":false},"excerpt":{"rendered":"<p>Article n\u00b0 RK27 Mat\u00e9riau du corps M\u00e9tal Poids Longueur Statut Enfon\u00e7age Catalogue Gabarit en m\u00e9tal<\/p>","protected":false},"featured_media":6192,"template":"","meta":[],"product_categories":[23],"class_list":["post-6188","product","type-product","status-publish","has-post-thumbnail","hentry","product_categories-metal-jig"],"acf":[],"_links":{"self":[{"href":"https:\/\/www.rankofishing.com\/fr\/wp-json\/wp\/v2\/product\/6188","targetHints":{"allow":["GET"]}}],"collection":[{"href":"https:\/\/www.rankofishing.com\/fr\/wp-json\/wp\/v2\/product"}],"about":[{"href":"https:\/\/www.rankofishing.com\/fr\/wp-json\/wp\/v2\/types\/product"}],"wp:featuredmedia":[{"embeddable":true,"href":"https:\/\/www.rankofishing.com\/fr\/wp-json\/wp\/v2\/media\/6192"}],"wp:attachment":[{"href":"https:\/\/www.rankofishing.com\/fr\/wp-json\/wp\/v2\/media?parent=6188"}],"wp:term":[{"taxonomy":"product_categories","embeddable":true,"href":"https:\/\/www.rankofishing.com\/fr\/wp-json\/wp\/v2\/product_categories?post=6188"}],"curies":[{"name":"wp","href":"https:\/\/api.w.org\/{rel}","templated":true}]}}