{"id":6161,"date":"2024-12-27T17:41:24","date_gmt":"2024-12-27T09:41:24","guid":{"rendered":"https:\/\/www.rankofishing.com\/?post_type=product&#038;p=6161"},"modified":"2024-12-27T17:41:24","modified_gmt":"2024-12-27T09:41:24","slug":"rankofishing-blue-knife-iron-plate-road-ya-bait-sea-fishing-lead-fish-far-throw-biomimetic-bait-quick-draw-lead-fish-bait-bayu-fish-bait","status":"publish","type":"product","link":"https:\/\/www.rankofishing.com\/fr\/product\/rankofishing-blue-knife-iron-plate-road-ya-bait-sea-fishing-lead-fish-far-throw-biomimetic-bait-quick-draw-lead-fish-bait-bayu-fish-bait\/","title":{"rendered":"RANKOFISHING | Couteau bleu en plaque de fer Road Ya Bait P\u00eache en mer Plomb Poisson Lancer loin App\u00e2t biomim\u00e9tique D\u00e9gainage rapide Plomb Poisson App\u00e2t Bayu Poisson App\u00e2t"},"content":{"rendered":"<table>\n<tbody>\n<tr>\n<td width=\"104\">Article N\u00b0<\/td>\n<td width=\"461\">\u00a0RK25<\/td>\n<\/tr>\n<tr>\n<td>Mat\u00e9riau du corps<\/td>\n<td>\n<div>\n<div data-zone-id=\"0\" data-line-index=\"0\" data-line=\"true\">M\u00e9tal<\/div>\n<\/div>\n<\/td>\n<\/tr>\n<tr>\n<td>Poids<\/td>\n<td><\/td>\n<\/tr>\n<tr>\n<td>Longueur<\/td>\n<td><\/td>\n<\/tr>\n<tr>\n<td>Statut<\/td>\n<td>\u00a0 Naufrage<\/td>\n<\/tr>\n<tr>\n<td>Catalogue<\/td>\n<td>\n<div>\n<div data-zone-id=\"0\" data-line-index=\"0\" data-line=\"true\">Gabarit en m\u00e9tal<\/div>\n<\/div>\n<\/td>\n<\/tr>\n<\/tbody>\n<\/table>","protected":false},"excerpt":{"rendered":"<p>Article n\u00b0 RK25 Mat\u00e9riau du corps M\u00e9tal Poids Longueur Statut Enfoncement Catalogue Gabarit en m\u00e9tal<\/p>","protected":false},"featured_media":6174,"template":"","meta":[],"product_categories":[23],"class_list":["post-6161","product","type-product","status-publish","has-post-thumbnail","hentry","product_categories-metal-jig"],"acf":[],"_links":{"self":[{"href":"https:\/\/www.rankofishing.com\/fr\/wp-json\/wp\/v2\/product\/6161","targetHints":{"allow":["GET"]}}],"collection":[{"href":"https:\/\/www.rankofishing.com\/fr\/wp-json\/wp\/v2\/product"}],"about":[{"href":"https:\/\/www.rankofishing.com\/fr\/wp-json\/wp\/v2\/types\/product"}],"wp:featuredmedia":[{"embeddable":true,"href":"https:\/\/www.rankofishing.com\/fr\/wp-json\/wp\/v2\/media\/6174"}],"wp:attachment":[{"href":"https:\/\/www.rankofishing.com\/fr\/wp-json\/wp\/v2\/media?parent=6161"}],"wp:term":[{"taxonomy":"product_categories","embeddable":true,"href":"https:\/\/www.rankofishing.com\/fr\/wp-json\/wp\/v2\/product_categories?post=6161"}],"curies":[{"name":"wp","href":"https:\/\/api.w.org\/{rel}","templated":true}]}}