{"id":6155,"date":"2024-12-27T17:36:38","date_gmt":"2024-12-27T09:36:38","guid":{"rendered":"https:\/\/www.rankofishing.com\/?post_type=product&#038;p=6155"},"modified":"2024-12-27T17:36:38","modified_gmt":"2024-12-27T09:36:38","slug":"rankofishing-japanese-style-double-hook-iron-plate-sea-fishing-lead-fish-lure-slow-shaking-long-throw-to-shore-throwing-with-hairy-blood-groove-hook-mackerel-bait","status":"publish","type":"product","link":"https:\/\/www.rankofishing.com\/fr\/product\/rankofishing-japanese-style-double-hook-iron-plate-sea-fishing-lead-fish-lure-slow-shaking-long-throw-to-shore-throwing-with-hairy-blood-groove-hook-mackerel-bait\/","title":{"rendered":"RANKOFISHING | Leurre de p\u00eache en mer \u00e0 double hame\u00e7on de style japonais, agitation lente, longue lanc\u00e9e vers le rivage, lancer avec un hame\u00e7on \u00e0 rainure de sang velu, app\u00e2t pour maquereau"},"content":{"rendered":"<table>\n<tbody>\n<tr>\n<td width=\"104\">Article N\u00b0<\/td>\n<td width=\"461\">\u00a0RK24<\/td>\n<\/tr>\n<tr>\n<td>Mat\u00e9riau du corps<\/td>\n<td>\n<div>\n<div data-zone-id=\"0\" data-line-index=\"0\" data-line=\"true\">M\u00e9tal<\/div>\n<\/div>\n<\/td>\n<\/tr>\n<tr>\n<td>Poids<\/td>\n<td><\/td>\n<\/tr>\n<tr>\n<td>Longueur<\/td>\n<td><\/td>\n<\/tr>\n<tr>\n<td>Statut<\/td>\n<td>\u00a0 Naufrage<\/td>\n<\/tr>\n<tr>\n<td>Catalogue<\/td>\n<td>\n<div>\n<div data-zone-id=\"0\" data-line-index=\"0\" data-line=\"true\">Gabarit en m\u00e9tal<\/div>\n<\/div>\n<\/td>\n<\/tr>\n<\/tbody>\n<\/table>","protected":false},"excerpt":{"rendered":"<p>Article n\u00b0 RK24 Mat\u00e9riau du corps M\u00e9tal Poids Longueur Statut Enfoncement Catalogue Gabarit en m\u00e9tal<\/p>","protected":false},"featured_media":6160,"template":"","meta":[],"product_categories":[23],"class_list":["post-6155","product","type-product","status-publish","has-post-thumbnail","hentry","product_categories-metal-jig"],"acf":[],"_links":{"self":[{"href":"https:\/\/www.rankofishing.com\/fr\/wp-json\/wp\/v2\/product\/6155","targetHints":{"allow":["GET"]}}],"collection":[{"href":"https:\/\/www.rankofishing.com\/fr\/wp-json\/wp\/v2\/product"}],"about":[{"href":"https:\/\/www.rankofishing.com\/fr\/wp-json\/wp\/v2\/types\/product"}],"wp:featuredmedia":[{"embeddable":true,"href":"https:\/\/www.rankofishing.com\/fr\/wp-json\/wp\/v2\/media\/6160"}],"wp:attachment":[{"href":"https:\/\/www.rankofishing.com\/fr\/wp-json\/wp\/v2\/media?parent=6155"}],"wp:term":[{"taxonomy":"product_categories","embeddable":true,"href":"https:\/\/www.rankofishing.com\/fr\/wp-json\/wp\/v2\/product_categories?post=6155"}],"curies":[{"name":"wp","href":"https:\/\/api.w.org\/{rel}","templated":true}]}}