{"id":6139,"date":"2024-12-27T17:30:27","date_gmt":"2024-12-27T09:30:27","guid":{"rendered":"https:\/\/www.rankofishing.com\/?post_type=product&#038;p=6139"},"modified":"2024-12-27T17:32:00","modified_gmt":"2024-12-27T09:32:00","slug":"rankofishing-octopus-eye-iron-plate-21g3d-spray-painted-real-fish-scale-biomimetic-color-road-sub-bait-far-throw-mackerel-bait-sea-fishing-hook","status":"publish","type":"product","link":"https:\/\/www.rankofishing.com\/fr\/product\/rankofishing-octopus-eye-iron-plate-21g3d-spray-painted-real-fish-scale-biomimetic-color-road-sub-bait-far-throw-mackerel-bait-sea-fishing-hook\/","title":{"rendered":"RANKOFISHING | Plaque de fer pour \u0153il de poulpe 21 g 3D peinte en \u00e9cailles de poisson r\u00e9elles couleur biomim\u00e9tique app\u00e2t pour sous-marin de route lancer loin app\u00e2t pour maquereau hame\u00e7on de p\u00eache en mer"},"content":{"rendered":"<table>\n<tbody>\n<tr>\n<td width=\"104\">Article N\u00b0<\/td>\n<td width=\"461\">\u00a0RK23<\/td>\n<\/tr>\n<tr>\n<td>Mat\u00e9riau du corps<\/td>\n<td>\n<div>\n<div data-zone-id=\"0\" data-line-index=\"0\" data-line=\"true\">M\u00e9tal<\/div>\n<\/div>\n<\/td>\n<\/tr>\n<tr>\n<td>Poids<\/td>\n<td>21g<\/td>\n<\/tr>\n<tr>\n<td>Longueur<\/td>\n<td><\/td>\n<\/tr>\n<tr>\n<td>Statut<\/td>\n<td>\u00a0 Naufrage<\/td>\n<\/tr>\n<tr>\n<td>Catalogue<\/td>\n<td>\n<div>\n<div data-zone-id=\"0\" data-line-index=\"0\" data-line=\"true\">Gabarit en m\u00e9tal<\/div>\n<\/div>\n<\/td>\n<\/tr>\n<\/tbody>\n<\/table>","protected":false},"excerpt":{"rendered":"<p>Article n\u00b0 RK23 Mat\u00e9riau du corps M\u00e9tal Poids 21 g Longueur Statut Coulant Catalogue Gabarit en m\u00e9tal<\/p>","protected":false},"featured_media":6153,"template":"","meta":[],"product_categories":[23],"class_list":["post-6139","product","type-product","status-publish","has-post-thumbnail","hentry","product_categories-metal-jig"],"acf":[],"_links":{"self":[{"href":"https:\/\/www.rankofishing.com\/fr\/wp-json\/wp\/v2\/product\/6139","targetHints":{"allow":["GET"]}}],"collection":[{"href":"https:\/\/www.rankofishing.com\/fr\/wp-json\/wp\/v2\/product"}],"about":[{"href":"https:\/\/www.rankofishing.com\/fr\/wp-json\/wp\/v2\/types\/product"}],"wp:featuredmedia":[{"embeddable":true,"href":"https:\/\/www.rankofishing.com\/fr\/wp-json\/wp\/v2\/media\/6153"}],"wp:attachment":[{"href":"https:\/\/www.rankofishing.com\/fr\/wp-json\/wp\/v2\/media?parent=6139"}],"wp:term":[{"taxonomy":"product_categories","embeddable":true,"href":"https:\/\/www.rankofishing.com\/fr\/wp-json\/wp\/v2\/product_categories?post=6139"}],"curies":[{"name":"wp","href":"https:\/\/api.w.org\/{rel}","templated":true}]}}