{"id":6135,"date":"2024-12-27T17:25:20","date_gmt":"2024-12-27T09:25:20","guid":{"rendered":"https:\/\/www.rankofishing.com\/?post_type=product&#038;p=6135"},"modified":"2024-12-27T17:25:20","modified_gmt":"2024-12-27T09:25:20","slug":"rankofishing-specializing-in-bayu-bait-metal-iron-plate-road-asian-bayu-shore-casting-long-range-casting-falling-iron-plate-fake-bait-rotating-glitter","status":"publish","type":"product","link":"https:\/\/www.rankofishing.com\/fr\/product\/rankofishing-specializing-in-bayu-bait-metal-iron-plate-road-asian-bayu-shore-casting-long-range-casting-falling-iron-plate-fake-bait-rotating-glitter\/","title":{"rendered":"RANKOFISHING | Sp\u00e9cialis\u00e9 dans les app\u00e2ts Bayu, les plaques de fer en m\u00e9tal, le lancer c\u00f4tier asiatique Bayu, le lancer longue distance, les faux app\u00e2ts en plaques de fer tombantes, les paillettes rotatives"},"content":{"rendered":"<table>\n<tbody>\n<tr>\n<td width=\"104\">Article N\u00b0<\/td>\n<td width=\"461\">\u00a0RK22<\/td>\n<\/tr>\n<tr>\n<td>Mat\u00e9riau du corps<\/td>\n<td>\n<div>\n<div data-zone-id=\"0\" data-line-index=\"0\" data-line=\"true\">M\u00e9tal<\/div>\n<\/div>\n<\/td>\n<\/tr>\n<tr>\n<td>Poids<\/td>\n<td><\/td>\n<\/tr>\n<tr>\n<td>Longueur<\/td>\n<td><\/td>\n<\/tr>\n<tr>\n<td>Statut<\/td>\n<td>\u00a0 Naufrage<\/td>\n<\/tr>\n<tr>\n<td>Catalogue<\/td>\n<td>\n<div>\n<div data-zone-id=\"0\" data-line-index=\"0\" data-line=\"true\">Gabarit en m\u00e9tal<\/div>\n<\/div>\n<\/td>\n<\/tr>\n<\/tbody>\n<\/table>","protected":false},"excerpt":{"rendered":"<p>Article n\u00b0 RK22 Mat\u00e9riau du corps M\u00e9tal Poids Longueur Statut Enfon\u00e7age Catalogue Gabarit en m\u00e9tal<\/p>","protected":false},"featured_media":6138,"template":"","meta":[],"product_categories":[23],"class_list":["post-6135","product","type-product","status-publish","has-post-thumbnail","hentry","product_categories-metal-jig"],"acf":[],"_links":{"self":[{"href":"https:\/\/www.rankofishing.com\/fr\/wp-json\/wp\/v2\/product\/6135","targetHints":{"allow":["GET"]}}],"collection":[{"href":"https:\/\/www.rankofishing.com\/fr\/wp-json\/wp\/v2\/product"}],"about":[{"href":"https:\/\/www.rankofishing.com\/fr\/wp-json\/wp\/v2\/types\/product"}],"wp:featuredmedia":[{"embeddable":true,"href":"https:\/\/www.rankofishing.com\/fr\/wp-json\/wp\/v2\/media\/6138"}],"wp:attachment":[{"href":"https:\/\/www.rankofishing.com\/fr\/wp-json\/wp\/v2\/media?parent=6135"}],"wp:term":[{"taxonomy":"product_categories","embeddable":true,"href":"https:\/\/www.rankofishing.com\/fr\/wp-json\/wp\/v2\/product_categories?post=6135"}],"curies":[{"name":"wp","href":"https:\/\/api.w.org\/{rel}","templated":true}]}}