{"id":6114,"date":"2024-12-27T17:16:47","date_gmt":"2024-12-27T09:16:47","guid":{"rendered":"https:\/\/www.rankofishing.com\/?post_type=product&#038;p=6114"},"modified":"2024-12-27T17:21:59","modified_gmt":"2024-12-27T09:21:59","slug":"rankofishing-explosive-fishing-shore-throwing-iron-plate-sea-fishing-lead-fish-road-bait-slow-shaking-far-throwing-shore-throwing-with-hairy-blood-groove-hook-mackerel-bait","status":"publish","type":"product","link":"https:\/\/www.rankofishing.com\/fr\/product\/rankofishing-explosive-fishing-shore-throwing-iron-plate-sea-fishing-lead-fish-road-bait-slow-shaking-far-throwing-shore-throwing-with-hairy-blood-groove-hook-mackerel-bait\/","title":{"rendered":"RANKOFISHING | p\u00eache explosive \u00e0 partir du rivage, lancer une plaque de fer, p\u00eache en mer, app\u00e2t de route pour poisson plomb\u00e9, agitation lente, lancer loin, lancer du rivage avec un hame\u00e7on \u00e0 rainure de sang velu, app\u00e2t pour maquereau"},"content":{"rendered":"<table>\n<tbody>\n<tr>\n<td width=\"104\">Article N\u00b0<\/td>\n<td width=\"461\">\u00a0RK21<\/td>\n<\/tr>\n<tr>\n<td>Mat\u00e9riau du corps<\/td>\n<td>\n<div>\n<div data-zone-id=\"0\" data-line-index=\"0\" data-line=\"true\">M\u00e9tal<\/div>\n<\/div>\n<\/td>\n<\/tr>\n<tr>\n<td>Poids<\/td>\n<td><\/td>\n<\/tr>\n<tr>\n<td>Longueur<\/td>\n<td><\/td>\n<\/tr>\n<tr>\n<td>Statut<\/td>\n<td>\u00a0 Naufrage<\/td>\n<\/tr>\n<tr>\n<td>Catalogue<\/td>\n<td>\n<div>\n<div data-zone-id=\"0\" data-line-index=\"0\" data-line=\"true\">Gabarit en m\u00e9tal<\/div>\n<\/div>\n<\/td>\n<\/tr>\n<\/tbody>\n<\/table>","protected":false},"excerpt":{"rendered":"<p>Article n\u00b0 RK21 Mat\u00e9riau du corps M\u00e9tal Poids Longueur Statut Enfon\u00e7age Catalogue Gabarit en m\u00e9tal<\/p>","protected":false},"featured_media":6129,"template":"","meta":[],"product_categories":[23],"class_list":["post-6114","product","type-product","status-publish","has-post-thumbnail","hentry","product_categories-metal-jig"],"acf":[],"_links":{"self":[{"href":"https:\/\/www.rankofishing.com\/fr\/wp-json\/wp\/v2\/product\/6114","targetHints":{"allow":["GET"]}}],"collection":[{"href":"https:\/\/www.rankofishing.com\/fr\/wp-json\/wp\/v2\/product"}],"about":[{"href":"https:\/\/www.rankofishing.com\/fr\/wp-json\/wp\/v2\/types\/product"}],"wp:featuredmedia":[{"embeddable":true,"href":"https:\/\/www.rankofishing.com\/fr\/wp-json\/wp\/v2\/media\/6129"}],"wp:attachment":[{"href":"https:\/\/www.rankofishing.com\/fr\/wp-json\/wp\/v2\/media?parent=6114"}],"wp:term":[{"taxonomy":"product_categories","embeddable":true,"href":"https:\/\/www.rankofishing.com\/fr\/wp-json\/wp\/v2\/product_categories?post=6114"}],"curies":[{"name":"wp","href":"https:\/\/api.w.org\/{rel}","templated":true}]}}