{"id":6103,"date":"2024-12-27T17:12:45","date_gmt":"2024-12-27T09:12:45","guid":{"rendered":"https:\/\/www.rankofishing.com\/?post_type=product&#038;p=6103"},"modified":"2024-12-27T17:12:45","modified_gmt":"2024-12-27T09:12:45","slug":"rankofishing-double-hook-iron-plate-remote-casting-bait-shore-casting-lead-fish-road-bait-sub-bait-metal-bait-slow-shaking-reinforced-hook-mackerel-bait-sea-fishing","status":"publish","type":"product","link":"https:\/\/www.rankofishing.com\/fr\/product\/rankofishing-double-hook-iron-plate-remote-casting-bait-shore-casting-lead-fish-road-bait-sub-bait-metal-bait-slow-shaking-reinforced-hook-mackerel-bait-sea-fishing\/","title":{"rendered":"RANKOFISHING |app\u00e2t \u00e0 lancer \u00e0 distance avec plaque de fer \u00e0 double hame\u00e7on, poisson plomb\u00e9 \u00e0 lancer \u00e0 terre, app\u00e2t de route, app\u00e2t sous-marin, app\u00e2t en m\u00e9tal, agitation lente, hame\u00e7on renforc\u00e9, app\u00e2t pour maquereau, p\u00eache en mer"},"content":{"rendered":"<table>\n<tbody>\n<tr>\n<td width=\"104\">Article N\u00b0<\/td>\n<td width=\"461\">\u00a0RK20<\/td>\n<\/tr>\n<tr>\n<td>Mat\u00e9riau du corps<\/td>\n<td>\n<div>\n<div data-zone-id=\"0\" data-line-index=\"0\" data-line=\"true\">M\u00e9tal<\/div>\n<\/div>\n<\/td>\n<\/tr>\n<tr>\n<td>Poids<\/td>\n<td><\/td>\n<\/tr>\n<tr>\n<td>Longueur<\/td>\n<td><\/td>\n<\/tr>\n<tr>\n<td>Statut<\/td>\n<td>\u00a0 Naufrage<\/td>\n<\/tr>\n<tr>\n<td>Catalogue<\/td>\n<td>\n<div>\n<div data-zone-id=\"0\" data-line-index=\"0\" data-line=\"true\">Gabarit en m\u00e9tal<\/div>\n<\/div>\n<\/td>\n<\/tr>\n<\/tbody>\n<\/table>","protected":false},"excerpt":{"rendered":"<p>Article n\u00b0 RK20 Mat\u00e9riau du corps M\u00e9tal Poids Longueur Statut Enfoncement Catalogue Gabarit en m\u00e9tal<\/p>","protected":false},"featured_media":6104,"template":"","meta":[],"product_categories":[23],"class_list":["post-6103","product","type-product","status-publish","has-post-thumbnail","hentry","product_categories-metal-jig"],"acf":[],"_links":{"self":[{"href":"https:\/\/www.rankofishing.com\/fr\/wp-json\/wp\/v2\/product\/6103","targetHints":{"allow":["GET"]}}],"collection":[{"href":"https:\/\/www.rankofishing.com\/fr\/wp-json\/wp\/v2\/product"}],"about":[{"href":"https:\/\/www.rankofishing.com\/fr\/wp-json\/wp\/v2\/types\/product"}],"wp:featuredmedia":[{"embeddable":true,"href":"https:\/\/www.rankofishing.com\/fr\/wp-json\/wp\/v2\/media\/6104"}],"wp:attachment":[{"href":"https:\/\/www.rankofishing.com\/fr\/wp-json\/wp\/v2\/media?parent=6103"}],"wp:term":[{"taxonomy":"product_categories","embeddable":true,"href":"https:\/\/www.rankofishing.com\/fr\/wp-json\/wp\/v2\/product_categories?post=6103"}],"curies":[{"name":"wp","href":"https:\/\/api.w.org\/{rel}","templated":true}]}}