{"id":6099,"date":"2024-12-27T17:07:20","date_gmt":"2024-12-27T09:07:20","guid":{"rendered":"https:\/\/www.rankofishing.com\/?post_type=product&#038;p=6099"},"modified":"2024-12-27T17:07:20","modified_gmt":"2024-12-27T09:07:20","slug":"rankofishing-10-spider-type-soft-baits-luya-soft-bait-soft-insect-heterosexual-soft-bait-shrimp-soft-bait-bent-mouth-sea-bass-wholesale","status":"publish","type":"product","link":"https:\/\/www.rankofishing.com\/fr\/product\/rankofishing-10-spider-type-soft-baits-luya-soft-bait-soft-insect-heterosexual-soft-bait-shrimp-soft-bait-bent-mouth-sea-bass-wholesale\/","title":{"rendered":"RANKOFISHING |10 app\u00e2ts souples de type araign\u00e9e, app\u00e2ts souples Luya, app\u00e2ts souples h\u00e9t\u00e9rosexuels pour insectes souples, app\u00e2ts souples pour crevettes, vente en gros de bars \u00e0 bouche courb\u00e9e"},"content":{"rendered":"<table>\n<tbody>\n<tr>\n<td width=\"104\">Article N\u00b0<\/td>\n<td width=\"461\">\u00a0RK19<\/td>\n<\/tr>\n<tr>\n<td>Mat\u00e9riau du corps<\/td>\n<td><\/td>\n<\/tr>\n<tr>\n<td>Poids<\/td>\n<td><\/td>\n<\/tr>\n<tr>\n<td>Longueur<\/td>\n<td><\/td>\n<\/tr>\n<tr>\n<td>Statut<\/td>\n<td>\u00a0 Naufrage<\/td>\n<\/tr>\n<tr>\n<td>Catalogue<\/td>\n<td>App\u00e2ts pour \u00e9crevisses<\/td>\n<\/tr>\n<\/tbody>\n<\/table>","protected":false},"excerpt":{"rendered":"<p>Article n\u00b0 RK19 Mat\u00e9riau du corps Poids Longueur Statut Coulant Catalogue App\u00e2ts pour \u00e9crevisses<\/p>","protected":false},"featured_media":6102,"template":"","meta":[],"product_categories":[15],"class_list":["post-6099","product","type-product","status-publish","has-post-thumbnail","hentry","product_categories-crawfish-baits"],"acf":[],"_links":{"self":[{"href":"https:\/\/www.rankofishing.com\/fr\/wp-json\/wp\/v2\/product\/6099","targetHints":{"allow":["GET"]}}],"collection":[{"href":"https:\/\/www.rankofishing.com\/fr\/wp-json\/wp\/v2\/product"}],"about":[{"href":"https:\/\/www.rankofishing.com\/fr\/wp-json\/wp\/v2\/types\/product"}],"wp:featuredmedia":[{"embeddable":true,"href":"https:\/\/www.rankofishing.com\/fr\/wp-json\/wp\/v2\/media\/6102"}],"wp:attachment":[{"href":"https:\/\/www.rankofishing.com\/fr\/wp-json\/wp\/v2\/media?parent=6099"}],"wp:term":[{"taxonomy":"product_categories","embeddable":true,"href":"https:\/\/www.rankofishing.com\/fr\/wp-json\/wp\/v2\/product_categories?post=6099"}],"curies":[{"name":"wp","href":"https:\/\/api.w.org\/{rel}","templated":true}]}}