{"id":6092,"date":"2024-12-27T17:04:23","date_gmt":"2024-12-27T09:04:23","guid":{"rendered":"https:\/\/www.rankofishing.com\/?post_type=product&#038;p=6092"},"modified":"2024-12-27T17:04:23","modified_gmt":"2024-12-27T09:04:23","slug":"rankofishing-20-pieces-of-soft-bait-for-root-fishing-floating-shrimp-type-soft-bait-lure-soft-bait-biomimetic-false-bait-upturned-mouth-black-hole-wild-fishing","status":"publish","type":"product","link":"https:\/\/www.rankofishing.com\/fr\/product\/rankofishing-20-pieces-of-soft-bait-for-root-fishing-floating-shrimp-type-soft-bait-lure-soft-bait-biomimetic-false-bait-upturned-mouth-black-hole-wild-fishing\/","title":{"rendered":"RANKOFISHING | 20 pi\u00e8ces d&#039;app\u00e2ts souples pour la p\u00eache aux racines, app\u00e2ts souples de type crevette flottante, app\u00e2ts souples leurre, faux app\u00e2t biomim\u00e9tique, bouche retourn\u00e9e, trou noir, p\u00eache sauvage"},"content":{"rendered":"<table>\n<tbody>\n<tr>\n<td width=\"104\">Article N\u00b0<\/td>\n<td width=\"461\">\u00a0RK18<\/td>\n<\/tr>\n<tr>\n<td>Mat\u00e9riau du corps<\/td>\n<td><\/td>\n<\/tr>\n<tr>\n<td>Poids<\/td>\n<td><\/td>\n<\/tr>\n<tr>\n<td>Longueur<\/td>\n<td><\/td>\n<\/tr>\n<tr>\n<td>Statut<\/td>\n<td>\u00a0 Naufrage<\/td>\n<\/tr>\n<tr>\n<td>Catalogue<\/td>\n<td>App\u00e2ts pour \u00e9crevisses<\/td>\n<\/tr>\n<\/tbody>\n<\/table>","protected":false},"excerpt":{"rendered":"<p>Article n\u00b0 RK18 Mat\u00e9riau du corps Poids Longueur Statut Coulant Catalogue App\u00e2ts pour \u00e9crevisses<\/p>","protected":false},"featured_media":6097,"template":"","meta":[],"product_categories":[15],"class_list":["post-6092","product","type-product","status-publish","has-post-thumbnail","hentry","product_categories-crawfish-baits"],"acf":[],"_links":{"self":[{"href":"https:\/\/www.rankofishing.com\/fr\/wp-json\/wp\/v2\/product\/6092","targetHints":{"allow":["GET"]}}],"collection":[{"href":"https:\/\/www.rankofishing.com\/fr\/wp-json\/wp\/v2\/product"}],"about":[{"href":"https:\/\/www.rankofishing.com\/fr\/wp-json\/wp\/v2\/types\/product"}],"wp:featuredmedia":[{"embeddable":true,"href":"https:\/\/www.rankofishing.com\/fr\/wp-json\/wp\/v2\/media\/6097"}],"wp:attachment":[{"href":"https:\/\/www.rankofishing.com\/fr\/wp-json\/wp\/v2\/media?parent=6092"}],"wp:term":[{"taxonomy":"product_categories","embeddable":true,"href":"https:\/\/www.rankofishing.com\/fr\/wp-json\/wp\/v2\/product_categories?post=6092"}],"curies":[{"name":"wp","href":"https:\/\/api.w.org\/{rel}","templated":true}]}}