{"id":6076,"date":"2024-12-27T16:56:57","date_gmt":"2024-12-27T08:56:57","guid":{"rendered":"https:\/\/www.rankofishing.com\/?post_type=product&#038;p=6076"},"modified":"2024-12-27T16:56:57","modified_gmt":"2024-12-27T08:56:57","slug":"rankofishing-15-pieces-of-soft-bait-for-road-fishing-shrimp-type-soft-bait-biomimetic-soft-bait-black-pit-wild-fishing-equipment","status":"publish","type":"product","link":"https:\/\/www.rankofishing.com\/fr\/product\/rankofishing-15-pieces-of-soft-bait-for-road-fishing-shrimp-type-soft-bait-biomimetic-soft-bait-black-pit-wild-fishing-equipment\/","title":{"rendered":"RANKOFISHING |15 pi\u00e8ces d&#039;app\u00e2ts souples pour la p\u00eache sur route, app\u00e2ts souples de type crevette, app\u00e2ts souples biomim\u00e9tiques, \u00e9quipement de p\u00eache sauvage dans les fosses noires"},"content":{"rendered":"<table>\n<tbody>\n<tr>\n<td width=\"104\">Article N\u00b0<\/td>\n<td width=\"461\">\u00a0RK16<\/td>\n<\/tr>\n<tr>\n<td>Mat\u00e9riau du corps<\/td>\n<td><\/td>\n<\/tr>\n<tr>\n<td>Poids<\/td>\n<td><\/td>\n<\/tr>\n<tr>\n<td>Longueur<\/td>\n<td><\/td>\n<\/tr>\n<tr>\n<td>Statut<\/td>\n<td>\u00a0 Naufrage<\/td>\n<\/tr>\n<tr>\n<td>Catalogue<\/td>\n<td>App\u00e2ts pour \u00e9crevisses<\/td>\n<\/tr>\n<\/tbody>\n<\/table>","protected":false},"excerpt":{"rendered":"<p>Article n\u00b0 RK16 Mat\u00e9riau du corps Poids Longueur Statut Coulant Catalogue App\u00e2ts pour \u00e9crevisses<\/p>","protected":false},"featured_media":6078,"template":"","meta":[],"product_categories":[15],"class_list":["post-6076","product","type-product","status-publish","has-post-thumbnail","hentry","product_categories-crawfish-baits"],"acf":[],"_links":{"self":[{"href":"https:\/\/www.rankofishing.com\/fr\/wp-json\/wp\/v2\/product\/6076","targetHints":{"allow":["GET"]}}],"collection":[{"href":"https:\/\/www.rankofishing.com\/fr\/wp-json\/wp\/v2\/product"}],"about":[{"href":"https:\/\/www.rankofishing.com\/fr\/wp-json\/wp\/v2\/types\/product"}],"wp:featuredmedia":[{"embeddable":true,"href":"https:\/\/www.rankofishing.com\/fr\/wp-json\/wp\/v2\/media\/6078"}],"wp:attachment":[{"href":"https:\/\/www.rankofishing.com\/fr\/wp-json\/wp\/v2\/media?parent=6076"}],"wp:term":[{"taxonomy":"product_categories","embeddable":true,"href":"https:\/\/www.rankofishing.com\/fr\/wp-json\/wp\/v2\/product_categories?post=6076"}],"curies":[{"name":"wp","href":"https:\/\/api.w.org\/{rel}","templated":true}]}}