{"id":6066,"date":"2024-12-27T16:52:14","date_gmt":"2024-12-27T08:52:14","guid":{"rendered":"https:\/\/www.rankofishing.com\/?post_type=product&#038;p=6066"},"modified":"2024-12-27T16:52:14","modified_gmt":"2024-12-27T08:52:14","slug":"rankofishing-night-light-hanging-shrimp-lure-high-simulation-shrimp-fake-bait-with-hook-soft-bait-biomimetic-bait-freshwater-fake-shrimp-cross-border","status":"publish","type":"product","link":"https:\/\/www.rankofishing.com\/fr\/product\/rankofishing-night-light-hanging-shrimp-lure-high-simulation-shrimp-fake-bait-with-hook-soft-bait-biomimetic-bait-freshwater-fake-shrimp-cross-border\/","title":{"rendered":"RANKOFISHING | Leurre de crevette suspendu \u00e0 la lumi\u00e8re de nuit, faux app\u00e2t de crevette \u00e0 haute simulation avec hame\u00e7on, app\u00e2t souple, app\u00e2t biomim\u00e9tique, fausse crevette d&#039;eau douce transfrontali\u00e8re"},"content":{"rendered":"<table>\n<tbody>\n<tr>\n<td width=\"104\">Article N\u00b0<\/td>\n<td width=\"461\">\u00a0RK15<\/td>\n<\/tr>\n<tr>\n<td>Mat\u00e9riau du corps<\/td>\n<td><\/td>\n<\/tr>\n<tr>\n<td>Poids<\/td>\n<td><\/td>\n<\/tr>\n<tr>\n<td>Longueur<\/td>\n<td><\/td>\n<\/tr>\n<tr>\n<td>Statut<\/td>\n<td>\u00a0 Naufrage<\/td>\n<\/tr>\n<tr>\n<td>Catalogue<\/td>\n<td>App\u00e2ts pour \u00e9crevisses<\/td>\n<\/tr>\n<\/tbody>\n<\/table>","protected":false},"excerpt":{"rendered":"<p>Article n\u00b0 RK15 Mat\u00e9riau du corps Poids Longueur Statut Coulant Catalogue App\u00e2ts pour \u00e9crevisses<\/p>","protected":false},"featured_media":6074,"template":"","meta":[],"product_categories":[15],"class_list":["post-6066","product","type-product","status-publish","has-post-thumbnail","hentry","product_categories-crawfish-baits"],"acf":[],"_links":{"self":[{"href":"https:\/\/www.rankofishing.com\/fr\/wp-json\/wp\/v2\/product\/6066","targetHints":{"allow":["GET"]}}],"collection":[{"href":"https:\/\/www.rankofishing.com\/fr\/wp-json\/wp\/v2\/product"}],"about":[{"href":"https:\/\/www.rankofishing.com\/fr\/wp-json\/wp\/v2\/types\/product"}],"wp:featuredmedia":[{"embeddable":true,"href":"https:\/\/www.rankofishing.com\/fr\/wp-json\/wp\/v2\/media\/6074"}],"wp:attachment":[{"href":"https:\/\/www.rankofishing.com\/fr\/wp-json\/wp\/v2\/media?parent=6066"}],"wp:term":[{"taxonomy":"product_categories","embeddable":true,"href":"https:\/\/www.rankofishing.com\/fr\/wp-json\/wp\/v2\/product_categories?post=6066"}],"curies":[{"name":"wp","href":"https:\/\/api.w.org\/{rel}","templated":true}]}}