{"id":6060,"date":"2024-12-26T21:25:55","date_gmt":"2024-12-26T13:25:55","guid":{"rendered":"https:\/\/www.rankofishing.com\/?post_type=product&#038;p=6060"},"modified":"2024-12-27T15:52:52","modified_gmt":"2024-12-27T07:52:52","slug":"crawfish-baits-shark-skimming-15-floating-water-root-fishing-routes-sub-bait-biomimetic-soft-bait-shrimp-type-soft-bait-soft-worm-black-pit-wild-fishing-false-bait-sea-bass","status":"publish","type":"product","link":"https:\/\/www.rankofishing.com\/fr\/product\/crawfish-baits-shark-skimming-15-floating-water-root-fishing-routes-sub-bait-biomimetic-soft-bait-shrimp-type-soft-bait-soft-worm-black-pit-wild-fishing-false-bait-sea-bass\/","title":{"rendered":"RANKOFISHING | App\u00e2ts pour \u00e9crevisses \u00e0 \u00e9cr\u00e9mer | 15 itin\u00e9raires de p\u00eache flottants aux racines d&#039;eau, app\u00e2ts souples biomim\u00e9tiques sous-marins, app\u00e2ts souples de type crevette, vers souples, p\u00eache sauvage au black pit, faux app\u00e2t, bar"},"content":{"rendered":"<table>\n<tbody>\n<tr>\n<td width=\"104\">Article N\u00b0<\/td>\n<td width=\"461\">\u00a0RK14<\/td>\n<\/tr>\n<tr>\n<td>Mat\u00e9riau du corps<\/td>\n<td><\/td>\n<\/tr>\n<tr>\n<td>Poids<\/td>\n<td><\/td>\n<\/tr>\n<tr>\n<td>Longueur<\/td>\n<td><\/td>\n<\/tr>\n<tr>\n<td>Statut<\/td>\n<td>\u00a0 Naufrage<\/td>\n<\/tr>\n<tr>\n<td>Catalogue<\/td>\n<td>\n<div>\n<div data-zone-id=\"0\" data-line-index=\"0\" data-line=\"true\">App\u00e2ts pour \u00e9crevisses<\/div>\n<\/div>\n<\/td>\n<\/tr>\n<\/tbody>\n<\/table>","protected":false},"excerpt":{"rendered":"<p>Article n\u00b0 RK14 Mat\u00e9riau du corps Poids Longueur Statut Coulant Catalogue App\u00e2ts pour \u00e9crevisses<\/p>","protected":false},"featured_media":6065,"template":"","meta":[],"product_categories":[15],"class_list":["post-6060","product","type-product","status-publish","has-post-thumbnail","hentry","product_categories-crawfish-baits"],"acf":[],"_links":{"self":[{"href":"https:\/\/www.rankofishing.com\/fr\/wp-json\/wp\/v2\/product\/6060","targetHints":{"allow":["GET"]}}],"collection":[{"href":"https:\/\/www.rankofishing.com\/fr\/wp-json\/wp\/v2\/product"}],"about":[{"href":"https:\/\/www.rankofishing.com\/fr\/wp-json\/wp\/v2\/types\/product"}],"wp:featuredmedia":[{"embeddable":true,"href":"https:\/\/www.rankofishing.com\/fr\/wp-json\/wp\/v2\/media\/6065"}],"wp:attachment":[{"href":"https:\/\/www.rankofishing.com\/fr\/wp-json\/wp\/v2\/media?parent=6060"}],"wp:term":[{"taxonomy":"product_categories","embeddable":true,"href":"https:\/\/www.rankofishing.com\/fr\/wp-json\/wp\/v2\/product_categories?post=6060"}],"curies":[{"name":"wp","href":"https:\/\/api.w.org\/{rel}","templated":true}]}}