{"id":6027,"date":"2024-12-26T21:01:48","date_gmt":"2024-12-26T13:01:48","guid":{"rendered":"https:\/\/www.rankofishing.com\/?post_type=product&#038;p=6027"},"modified":"2024-12-27T15:51:32","modified_gmt":"2024-12-27T07:51:32","slug":"shark-skimming-large-mouthed-shark-vib-metal-iron-plate-long-range-casting-sequin-small-whirlwind-road-bait-fake-bait-perch-biomimetic-bait","status":"publish","type":"product","link":"https:\/\/www.rankofishing.com\/fr\/product\/shark-skimming-large-mouthed-shark-vib-metal-iron-plate-long-range-casting-sequin-small-whirlwind-road-bait-fake-bait-perch-biomimetic-bait\/","title":{"rendered":"RANKOFISHING | Leurre de p\u00eache \u00e0 grande bouche en m\u00e9tal avec plaque de fer vibrante, lancer longue distance, paillettes, petit tourbillon, app\u00e2t de route, faux app\u00e2t, app\u00e2t biomim\u00e9tique pour perche"},"content":{"rendered":"<table>\n<tbody>\n<tr>\n<td width=\"104\">Article N\u00b0<\/td>\n<td width=\"461\">\u00a0RK11<\/td>\n<\/tr>\n<tr>\n<td>Mat\u00e9riau du corps<\/td>\n<td>\u00a0 M\u00e9tal<\/td>\n<\/tr>\n<tr>\n<td>Poids<\/td>\n<td><\/td>\n<\/tr>\n<tr>\n<td>Longueur<\/td>\n<td><\/td>\n<\/tr>\n<tr>\n<td>Statut<\/td>\n<td>\u00a0 Naufrage<\/td>\n<\/tr>\n<tr>\n<td>Catalogue<\/td>\n<td>\n<div>\n<div data-zone-id=\"0\" data-line-index=\"0\" data-line=\"true\">VIB<\/div>\n<\/div>\n<\/td>\n<\/tr>\n<\/tbody>\n<\/table>","protected":false},"excerpt":{"rendered":"<p>Article n\u00b0 RK11 Mat\u00e9riau du corps M\u00e9tal Poids Longueur Statut Enfoncement Catalogue VIB<\/p>","protected":false},"featured_media":6034,"template":"","meta":[],"product_categories":[28],"class_list":["post-6027","product","type-product","status-publish","has-post-thumbnail","hentry","product_categories-vib"],"acf":[],"_links":{"self":[{"href":"https:\/\/www.rankofishing.com\/fr\/wp-json\/wp\/v2\/product\/6027","targetHints":{"allow":["GET"]}}],"collection":[{"href":"https:\/\/www.rankofishing.com\/fr\/wp-json\/wp\/v2\/product"}],"about":[{"href":"https:\/\/www.rankofishing.com\/fr\/wp-json\/wp\/v2\/types\/product"}],"wp:featuredmedia":[{"embeddable":true,"href":"https:\/\/www.rankofishing.com\/fr\/wp-json\/wp\/v2\/media\/6034"}],"wp:attachment":[{"href":"https:\/\/www.rankofishing.com\/fr\/wp-json\/wp\/v2\/media?parent=6027"}],"wp:term":[{"taxonomy":"product_categories","embeddable":true,"href":"https:\/\/www.rankofishing.com\/fr\/wp-json\/wp\/v2\/product_categories?post=6027"}],"curies":[{"name":"wp","href":"https:\/\/api.w.org\/{rel}","templated":true}]}}