{"id":6019,"date":"2024-12-26T20:58:41","date_gmt":"2024-12-26T12:58:41","guid":{"rendered":"https:\/\/www.rankofishing.com\/?post_type=product&#038;p=6019"},"modified":"2024-12-27T15:51:41","modified_gmt":"2024-12-27T07:51:41","slug":"shark-skimming-long-throw-lure-spinning-sequins-vib-iron-plate-sequins-lead-bait-biomimetic-lure-lure-lure-tip-flying-water-dog","status":"publish","type":"product","link":"https:\/\/www.rankofishing.com\/fr\/product\/shark-skimming-long-throw-lure-spinning-sequins-vib-iron-plate-sequins-lead-bait-biomimetic-lure-lure-lure-tip-flying-water-dog\/","title":{"rendered":"RANKOFISHING | Leurre \u00e0 lancer long, leurre spinning \u00e0 paillettes, leurre en fer vibrant, leurre plomb\u00e9, leurre biomim\u00e9tique, leurre \u00e0 pointe, leurre pour chien d&#039;eau volant"},"content":{"rendered":"<table>\n<tbody>\n<tr>\n<td width=\"104\">Article N\u00b0<\/td>\n<td width=\"461\">\u00a0RK10<\/td>\n<\/tr>\n<tr>\n<td>Mat\u00e9riau du corps<\/td>\n<td>\u00a0 M\u00e9tal<\/td>\n<\/tr>\n<tr>\n<td>Poids<\/td>\n<td><\/td>\n<\/tr>\n<tr>\n<td>Longueur<\/td>\n<td><\/td>\n<\/tr>\n<tr>\n<td>Statut<\/td>\n<td>\u00a0 Naufrage<\/td>\n<\/tr>\n<tr>\n<td>Catalogue<\/td>\n<td>\n<div>\n<div data-zone-id=\"0\" data-line-index=\"0\" data-line=\"true\">VIB<\/div>\n<\/div>\n<\/td>\n<\/tr>\n<\/tbody>\n<\/table>","protected":false},"excerpt":{"rendered":"<p>Article n\u00b0 RK10 Mat\u00e9riau du corps M\u00e9tal Poids Longueur Statut Enfoncement Catalogue VIB<\/p>","protected":false},"featured_media":6026,"template":"","meta":[],"product_categories":[28],"class_list":["post-6019","product","type-product","status-publish","has-post-thumbnail","hentry","product_categories-vib"],"acf":[],"_links":{"self":[{"href":"https:\/\/www.rankofishing.com\/fr\/wp-json\/wp\/v2\/product\/6019","targetHints":{"allow":["GET"]}}],"collection":[{"href":"https:\/\/www.rankofishing.com\/fr\/wp-json\/wp\/v2\/product"}],"about":[{"href":"https:\/\/www.rankofishing.com\/fr\/wp-json\/wp\/v2\/types\/product"}],"wp:featuredmedia":[{"embeddable":true,"href":"https:\/\/www.rankofishing.com\/fr\/wp-json\/wp\/v2\/media\/6026"}],"wp:attachment":[{"href":"https:\/\/www.rankofishing.com\/fr\/wp-json\/wp\/v2\/media?parent=6019"}],"wp:term":[{"taxonomy":"product_categories","embeddable":true,"href":"https:\/\/www.rankofishing.com\/fr\/wp-json\/wp\/v2\/product_categories?post=6019"}],"curies":[{"name":"wp","href":"https:\/\/api.w.org\/{rel}","templated":true}]}}