{"id":6010,"date":"2024-12-26T20:44:00","date_gmt":"2024-12-26T12:44:00","guid":{"rendered":"https:\/\/www.rankofishing.com\/?post_type=product&#038;p=6010"},"modified":"2024-12-27T15:51:48","modified_gmt":"2024-12-27T07:51:48","slug":"shark-slaying-colorful-amusing-vib-far-throw-metal-glitter-lure-leaping-mouth-bass-mandarin-fish-freshwater-fake-bait-wholesale","status":"publish","type":"product","link":"https:\/\/www.rankofishing.com\/fr\/product\/shark-slaying-colorful-amusing-vib-far-throw-metal-glitter-lure-leaping-mouth-bass-mandarin-fish-freshwater-fake-bait-wholesale\/","title":{"rendered":"RANKOFISHING | Leurre m\u00e9tallique color\u00e9 et amusant \u00e0 paillettes vibrantes, pour bar \u00e0 bouche bondissante, poisson mandarin, app\u00e2t artificiel d&#039;eau douce en gros"},"content":{"rendered":"<table>\n<tbody>\n<tr>\n<td width=\"104\">Article N\u00b0<\/td>\n<td width=\"461\">\u00a0RK09<\/td>\n<\/tr>\n<tr>\n<td>Mat\u00e9riau du corps<\/td>\n<td>\u00a0 M\u00e9tal<\/td>\n<\/tr>\n<tr>\n<td>Poids<\/td>\n<td><\/td>\n<\/tr>\n<tr>\n<td>Longueur<\/td>\n<td><\/td>\n<\/tr>\n<tr>\n<td>Statut<\/td>\n<td>\u00a0 Naufrage<\/td>\n<\/tr>\n<tr>\n<td>Catalogue<\/td>\n<td>\u00a0 VIB<\/td>\n<\/tr>\n<\/tbody>\n<\/table>","protected":false},"excerpt":{"rendered":"<p>Article n\u00b0 RK09 Mat\u00e9riau du corps M\u00e9tal Poids Longueur Statut Enfoncement Catalogue VIB<\/p>","protected":false},"featured_media":6017,"template":"","meta":[],"product_categories":[28],"class_list":["post-6010","product","type-product","status-publish","has-post-thumbnail","hentry","product_categories-vib"],"acf":[],"_links":{"self":[{"href":"https:\/\/www.rankofishing.com\/fr\/wp-json\/wp\/v2\/product\/6010","targetHints":{"allow":["GET"]}}],"collection":[{"href":"https:\/\/www.rankofishing.com\/fr\/wp-json\/wp\/v2\/product"}],"about":[{"href":"https:\/\/www.rankofishing.com\/fr\/wp-json\/wp\/v2\/types\/product"}],"wp:featuredmedia":[{"embeddable":true,"href":"https:\/\/www.rankofishing.com\/fr\/wp-json\/wp\/v2\/media\/6017"}],"wp:attachment":[{"href":"https:\/\/www.rankofishing.com\/fr\/wp-json\/wp\/v2\/media?parent=6010"}],"wp:term":[{"taxonomy":"product_categories","embeddable":true,"href":"https:\/\/www.rankofishing.com\/fr\/wp-json\/wp\/v2\/product_categories?post=6010"}],"curies":[{"name":"wp","href":"https:\/\/api.w.org\/{rel}","templated":true}]}}