{"id":5993,"date":"2024-12-26T20:17:04","date_gmt":"2024-12-26T12:17:04","guid":{"rendered":"https:\/\/www.rankofishing.com\/?post_type=product&#038;p=5993"},"modified":"2024-12-27T15:52:06","modified_gmt":"2024-12-27T07:52:06","slug":"shark-slaying-colorful-dragon-scale-vib-long-throw-roadbait-metal-fake-bait-zinc-alloy-glitter-white-bar-sharp-mouth-fake-bait-wholesale","status":"publish","type":"product","link":"https:\/\/www.rankofishing.com\/fr\/product\/shark-slaying-colorful-dragon-scale-vib-long-throw-roadbait-metal-fake-bait-zinc-alloy-glitter-white-bar-sharp-mouth-fake-bait-wholesale\/","title":{"rendered":"RANKOFISHING | Leurre de route color\u00e9 en \u00e9cailles de dragon vibrantes \u00e0 longue port\u00e9e en m\u00e9tal, faux app\u00e2t en alliage de zinc \u00e0 paillettes, barre blanche \u00e0 bouche pointue, vente en gros"},"content":{"rendered":"<table>\n<tbody>\n<tr>\n<td width=\"104\">Article N\u00b0<\/td>\n<td width=\"461\">\u00a0RK07<\/td>\n<\/tr>\n<tr>\n<td>Mat\u00e9riau du corps<\/td>\n<td>\u00a0 M\u00e9tal<\/td>\n<\/tr>\n<tr>\n<td>Poids<\/td>\n<td><\/td>\n<\/tr>\n<tr>\n<td>Longueur<\/td>\n<td><\/td>\n<\/tr>\n<tr>\n<td>Statut<\/td>\n<td>\u00a0 Naufrage<\/td>\n<\/tr>\n<tr>\n<td>Catalogue<\/td>\n<td>\n<div>\n<div data-zone-id=\"0\" data-line-index=\"0\" data-line=\"true\">VIB<\/div>\n<\/div>\n<\/td>\n<\/tr>\n<\/tbody>\n<\/table>","protected":false},"excerpt":{"rendered":"<p>Article n\u00b0 RK07 Mat\u00e9riau du corps M\u00e9tal Poids Longueur Statut Enfoncement Catalogue VIB<\/p>","protected":false},"featured_media":5995,"template":"","meta":[],"product_categories":[28],"class_list":["post-5993","product","type-product","status-publish","has-post-thumbnail","hentry","product_categories-vib"],"acf":[],"_links":{"self":[{"href":"https:\/\/www.rankofishing.com\/fr\/wp-json\/wp\/v2\/product\/5993","targetHints":{"allow":["GET"]}}],"collection":[{"href":"https:\/\/www.rankofishing.com\/fr\/wp-json\/wp\/v2\/product"}],"about":[{"href":"https:\/\/www.rankofishing.com\/fr\/wp-json\/wp\/v2\/types\/product"}],"wp:featuredmedia":[{"embeddable":true,"href":"https:\/\/www.rankofishing.com\/fr\/wp-json\/wp\/v2\/media\/5995"}],"wp:attachment":[{"href":"https:\/\/www.rankofishing.com\/fr\/wp-json\/wp\/v2\/media?parent=5993"}],"wp:term":[{"taxonomy":"product_categories","embeddable":true,"href":"https:\/\/www.rankofishing.com\/fr\/wp-json\/wp\/v2\/product_categories?post=5993"}],"curies":[{"name":"wp","href":"https:\/\/api.w.org\/{rel}","templated":true}]}}