{"id":5971,"date":"2024-12-26T11:15:11","date_gmt":"2024-12-26T03:15:11","guid":{"rendered":"https:\/\/www.rankofishing.com\/?post_type=product&#038;p=5971"},"modified":"2024-12-27T15:39:51","modified_gmt":"2024-12-27T07:39:51","slug":"inline-spinner-shark-sweeping-rotating-sequins-hand-cranked-pieces-luya-rotating-metal-sequin-bait-rotating-iron-pieces-luya-fake-bait-wholesale","status":"publish","type":"product","link":"https:\/\/www.rankofishing.com\/fr\/product\/inline-spinner-shark-sweeping-rotating-sequins-hand-cranked-pieces-luya-rotating-metal-sequin-bait-rotating-iron-pieces-luya-fake-bait-wholesale\/","title":{"rendered":"Spinner en ligne | Paillettes rotatives, pi\u00e8ces \u00e0 manivelle, app\u00e2t \u00e0 paillettes en m\u00e9tal rotatif Luya, pi\u00e8ces en fer rotatives, faux app\u00e2t Luya en gros"},"content":{"rendered":"<table>\n<tbody>\n<tr>\n<td width=\"104\">Article N\u00b0<\/td>\n<td width=\"461\">\u00a0RK05<\/td>\n<\/tr>\n<tr>\n<td>Mat\u00e9riau du corps<\/td>\n<td>\u00a0 M\u00e9tal<\/td>\n<\/tr>\n<tr>\n<td>Poids<\/td>\n<td><\/td>\n<\/tr>\n<tr>\n<td>Longueur<\/td>\n<td><\/td>\n<\/tr>\n<tr>\n<td>Statut<\/td>\n<td>\u00a0 Naufrage<\/td>\n<\/tr>\n<tr>\n<td>Catalogue<\/td>\n<td>\u00a0 Spinner en ligne<\/td>\n<\/tr>\n<\/tbody>\n<\/table>","protected":false},"excerpt":{"rendered":"<p>Article n\u00b0 RK05 Mat\u00e9riau du corps M\u00e9tal Poids Longueur Statut Coulant Catalogue Spinner en ligne<\/p>","protected":false},"featured_media":5981,"template":"","meta":[],"product_categories":[27],"class_list":["post-5971","product","type-product","status-publish","has-post-thumbnail","hentry","product_categories-inline-spinner"],"acf":[],"_links":{"self":[{"href":"https:\/\/www.rankofishing.com\/fr\/wp-json\/wp\/v2\/product\/5971","targetHints":{"allow":["GET"]}}],"collection":[{"href":"https:\/\/www.rankofishing.com\/fr\/wp-json\/wp\/v2\/product"}],"about":[{"href":"https:\/\/www.rankofishing.com\/fr\/wp-json\/wp\/v2\/types\/product"}],"wp:featuredmedia":[{"embeddable":true,"href":"https:\/\/www.rankofishing.com\/fr\/wp-json\/wp\/v2\/media\/5981"}],"wp:attachment":[{"href":"https:\/\/www.rankofishing.com\/fr\/wp-json\/wp\/v2\/media?parent=5971"}],"wp:term":[{"taxonomy":"product_categories","embeddable":true,"href":"https:\/\/www.rankofishing.com\/fr\/wp-json\/wp\/v2\/product_categories?post=5971"}],"curies":[{"name":"wp","href":"https:\/\/api.w.org\/{rel}","templated":true}]}}