{"id":5864,"date":"2024-10-21T20:51:39","date_gmt":"2024-10-21T12:51:39","guid":{"rendered":"https:\/\/www.rankofishing.com\/?post_type=product&#038;p=5864"},"modified":"2024-10-21T21:22:50","modified_gmt":"2024-10-21T13:22:50","slug":"rankofishing-metal-inline-spinner-10g-7g-double-willow-leaf-lures-fishing-bait","status":"publish","type":"product","link":"https:\/\/www.rankofishing.com\/fr\/product\/rankofishing-metal-inline-spinner-10g-7g-double-willow-leaf-lures-fishing-bait\/","title":{"rendered":"Leurres de p\u00eache en ligne en m\u00e9tal Rankofishing 10g 7g Double feuille de saule App\u00e2ts de p\u00eache"},"content":{"rendered":"<table>\n<tbody>\n<tr>\n<td width=\"104\">Article N\u00b0<\/td>\n<td width=\"461\">\u00a0RK02<\/td>\n<\/tr>\n<tr>\n<td>Mat\u00e9riau du corps<\/td>\n<td>\u00a0 M\u00e9tal<\/td>\n<\/tr>\n<tr>\n<td>Poids<\/td>\n<td>\u00a0 10G\/7g<\/td>\n<\/tr>\n<tr>\n<td>Longueur<\/td>\n<td>\u00a0 85 mm<\/td>\n<\/tr>\n<tr>\n<td>Statut<\/td>\n<td>\u00a0Naufrage<\/td>\n<\/tr>\n<tr>\n<td>Catalogue<\/td>\n<td>\u00a0 Spinner en ligne<\/td>\n<\/tr>\n<\/tbody>\n<\/table>\n<p><img fetchpriority=\"high\" decoding=\"async\" class=\"wp-image-5874 size-full alignleft\" src=\"https:\/\/www.rankofishing.com\/wp-content\/uploads\/2024\/10\/detail-09.jpg\" alt=\"\" width=\"932\" height=\"524\" srcset=\"https:\/\/www.rankofishing.com\/wp-content\/uploads\/2024\/10\/detail-09.jpg 932w, https:\/\/www.rankofishing.com\/wp-content\/uploads\/2024\/10\/detail-09-300x169.jpg 300w, https:\/\/www.rankofishing.com\/wp-content\/uploads\/2024\/10\/detail-09-768x432.jpg 768w\" sizes=\"(max-width: 932px) 100vw, 932px\" \/> <img decoding=\"async\" class=\"alignleft wp-image-5875 size-full\" src=\"https:\/\/www.rankofishing.com\/wp-content\/uploads\/2024\/10\/detail-10-1.jpg\" alt=\"\" width=\"932\" height=\"524\" srcset=\"https:\/\/www.rankofishing.com\/wp-content\/uploads\/2024\/10\/detail-10-1.jpg 932w, https:\/\/www.rankofishing.com\/wp-content\/uploads\/2024\/10\/detail-10-1-300x169.jpg 300w, https:\/\/www.rankofishing.com\/wp-content\/uploads\/2024\/10\/detail-10-1-768x432.jpg 768w\" sizes=\"(max-width: 932px) 100vw, 932px\" \/> <img decoding=\"async\" class=\"alignleft wp-image-5876 size-full\" src=\"https:\/\/www.rankofishing.com\/wp-content\/uploads\/2024\/10\/detail-10-2.jpg\" alt=\"\" width=\"932\" height=\"524\" srcset=\"https:\/\/www.rankofishing.com\/wp-content\/uploads\/2024\/10\/detail-10-2.jpg 932w, https:\/\/www.rankofishing.com\/wp-content\/uploads\/2024\/10\/detail-10-2-300x169.jpg 300w, https:\/\/www.rankofishing.com\/wp-content\/uploads\/2024\/10\/detail-10-2-768x432.jpg 768w\" sizes=\"(max-width: 932px) 100vw, 932px\" \/> <img loading=\"lazy\" decoding=\"async\" class=\"alignleft wp-image-5877 size-full\" src=\"https:\/\/www.rankofishing.com\/wp-content\/uploads\/2024\/10\/detail-11-1.jpg\" alt=\"\" width=\"932\" height=\"524\" srcset=\"https:\/\/www.rankofishing.com\/wp-content\/uploads\/2024\/10\/detail-11-1.jpg 932w, https:\/\/www.rankofishing.com\/wp-content\/uploads\/2024\/10\/detail-11-1-300x169.jpg 300w, https:\/\/www.rankofishing.com\/wp-content\/uploads\/2024\/10\/detail-11-1-768x432.jpg 768w\" sizes=\"(max-width: 932px) 100vw, 932px\" \/> <img loading=\"lazy\" decoding=\"async\" class=\"alignleft wp-image-5878 size-full\" src=\"https:\/\/www.rankofishing.com\/wp-content\/uploads\/2024\/10\/detail-11-2.jpg\" alt=\"\" width=\"932\" height=\"524\" srcset=\"https:\/\/www.rankofishing.com\/wp-content\/uploads\/2024\/10\/detail-11-2.jpg 932w, https:\/\/www.rankofishing.com\/wp-content\/uploads\/2024\/10\/detail-11-2-300x169.jpg 300w, https:\/\/www.rankofishing.com\/wp-content\/uploads\/2024\/10\/detail-11-2-768x432.jpg 768w\" sizes=\"(max-width: 932px) 100vw, 932px\" \/><\/p>","protected":false},"excerpt":{"rendered":"<p>Article n\u00b0 RK02 Mat\u00e9riau du corps M\u00e9tal Poids 10G\/7g Longueur 85mm Statut Coulant Catalogue Spinner en ligne<\/p>","protected":false},"featured_media":5872,"template":"","meta":[],"product_categories":[27],"class_list":["post-5864","product","type-product","status-publish","has-post-thumbnail","hentry","product_categories-inline-spinner"],"acf":[],"_links":{"self":[{"href":"https:\/\/www.rankofishing.com\/fr\/wp-json\/wp\/v2\/product\/5864","targetHints":{"allow":["GET"]}}],"collection":[{"href":"https:\/\/www.rankofishing.com\/fr\/wp-json\/wp\/v2\/product"}],"about":[{"href":"https:\/\/www.rankofishing.com\/fr\/wp-json\/wp\/v2\/types\/product"}],"wp:featuredmedia":[{"embeddable":true,"href":"https:\/\/www.rankofishing.com\/fr\/wp-json\/wp\/v2\/media\/5872"}],"wp:attachment":[{"href":"https:\/\/www.rankofishing.com\/fr\/wp-json\/wp\/v2\/media?parent=5864"}],"wp:term":[{"taxonomy":"product_categories","embeddable":true,"href":"https:\/\/www.rankofishing.com\/fr\/wp-json\/wp\/v2\/product_categories?post=5864"}],"curies":[{"name":"wp","href":"https:\/\/api.w.org\/{rel}","templated":true}]}}