{"id":5850,"date":"2024-10-20T19:36:51","date_gmt":"2024-10-20T11:36:51","guid":{"rendered":"https:\/\/www.rankofishing.com\/?post_type=product&#038;p=5850"},"modified":"2024-10-21T16:55:51","modified_gmt":"2024-10-21T08:55:51","slug":"rankofishing-lure-set-inline-spinner-metal-11-piece-set-fishing-gear-accessories-bait-fishing-bait","status":"publish","type":"product","link":"https:\/\/www.rankofishing.com\/fr\/product\/rankofishing-lure-set-inline-spinner-metal-11-piece-set-fishing-gear-accessories-bait-fishing-bait\/","title":{"rendered":"Rankofishing Ensemble de leurres Spinner en ligne Ensemble de 11 pi\u00e8ces en m\u00e9tal Accessoires de mat\u00e9riel de p\u00eache App\u00e2t App\u00e2t de p\u00eache"},"content":{"rendered":"<table>\n<tbody>\n<tr>\n<td width=\"104\">Article N\u00b0<\/td>\n<td width=\"461\">\u00a0RK01<\/td>\n<\/tr>\n<tr>\n<td>Mat\u00e9riau du corps<\/td>\n<td>\u00a0 M\u00e9tal<\/td>\n<\/tr>\n<tr>\n<td>Poids<\/td>\n<td>\u00a0 3,3 g<\/td>\n<\/tr>\n<tr>\n<td>Longueur<\/td>\n<td>\u00a0 60 mm<\/td>\n<\/tr>\n<tr>\n<td>Statut<\/td>\n<td>\u00a0 Naufrage<\/td>\n<\/tr>\n<tr>\n<td>Catalogue<\/td>\n<td>\u00a0 Spinner en ligne<\/td>\n<\/tr>\n<\/tbody>\n<\/table>","protected":false},"excerpt":{"rendered":"<p>Num\u00e9ro d&#039;article RK01 Mat\u00e9riau du corps M\u00e9tal Poids 3,3 g Longueur 60 mm Statut Coulant Catalogue Spinner en ligne<\/p>","protected":false},"featured_media":5851,"template":"","meta":[],"product_categories":[27],"class_list":["post-5850","product","type-product","status-publish","has-post-thumbnail","hentry","product_categories-inline-spinner"],"acf":[],"_links":{"self":[{"href":"https:\/\/www.rankofishing.com\/fr\/wp-json\/wp\/v2\/product\/5850","targetHints":{"allow":["GET"]}}],"collection":[{"href":"https:\/\/www.rankofishing.com\/fr\/wp-json\/wp\/v2\/product"}],"about":[{"href":"https:\/\/www.rankofishing.com\/fr\/wp-json\/wp\/v2\/types\/product"}],"wp:featuredmedia":[{"embeddable":true,"href":"https:\/\/www.rankofishing.com\/fr\/wp-json\/wp\/v2\/media\/5851"}],"wp:attachment":[{"href":"https:\/\/www.rankofishing.com\/fr\/wp-json\/wp\/v2\/media?parent=5850"}],"wp:term":[{"taxonomy":"product_categories","embeddable":true,"href":"https:\/\/www.rankofishing.com\/fr\/wp-json\/wp\/v2\/product_categories?post=5850"}],"curies":[{"name":"wp","href":"https:\/\/api.w.org\/{rel}","templated":true}]}}