{"id":3281,"date":"2024-06-26T15:18:32","date_gmt":"2024-06-26T07:18:32","guid":{"rendered":"https:\/\/fudakinfishing.com\/?post_type=product&#038;p=3281"},"modified":"2024-06-26T15:18:32","modified_gmt":"2024-06-26T07:18:32","slug":"fulter-long-cast-jet-spoon","status":"publish","type":"product","link":"https:\/\/www.rankofishing.com\/fr\/product\/fulter-long-cast-jet-spoon\/","title":{"rendered":"Cuill\u00e8re \u00e0 jet longue coul\u00e9e Fulter"},"content":{"rendered":"<table>\n<tbody>\n<tr>\n<td width=\"104\">Article N\u00b0<\/td>\n<td width=\"461\">\u00a0 FCP01<\/td>\n<\/tr>\n<tr>\n<td>Mat\u00e9riau du corps<\/td>\n<td>\u00a0 Acier inoxydable 304<\/td>\n<\/tr>\n<tr>\n<td>Poids<\/td>\n<td>\u00a0 28g<\/td>\n<\/tr>\n<tr>\n<td>Longueur<\/td>\n<td>\u00a0 5&#8243;<\/td>\n<\/tr>\n<tr>\n<td>Statut<\/td>\n<td>\u00a0 Naufrage<\/td>\n<\/tr>\n<tr>\n<td>Catalogue<\/td>\n<td>\u00a0 Cuill\u00e8re<\/td>\n<\/tr>\n<\/tbody>\n<\/table>","protected":false},"excerpt":{"rendered":"<p>Article n\u00b0 FCP01 Mat\u00e9riau du corps Acier inoxydable 304 Poids 28 g Longueur 5\u2033 Statut Coul\u00e9e Catalogue Cuill\u00e8re<\/p>","protected":false},"featured_media":3304,"template":"","meta":[],"product_categories":[24],"class_list":["post-3281","product","type-product","status-publish","has-post-thumbnail","hentry","product_categories-spoon"],"acf":[],"_links":{"self":[{"href":"https:\/\/www.rankofishing.com\/fr\/wp-json\/wp\/v2\/product\/3281","targetHints":{"allow":["GET"]}}],"collection":[{"href":"https:\/\/www.rankofishing.com\/fr\/wp-json\/wp\/v2\/product"}],"about":[{"href":"https:\/\/www.rankofishing.com\/fr\/wp-json\/wp\/v2\/types\/product"}],"wp:featuredmedia":[{"embeddable":true,"href":"https:\/\/www.rankofishing.com\/fr\/wp-json\/wp\/v2\/media\/3304"}],"wp:attachment":[{"href":"https:\/\/www.rankofishing.com\/fr\/wp-json\/wp\/v2\/media?parent=3281"}],"wp:term":[{"taxonomy":"product_categories","embeddable":true,"href":"https:\/\/www.rankofishing.com\/fr\/wp-json\/wp\/v2\/product_categories?post=3281"}],"curies":[{"name":"wp","href":"https:\/\/api.w.org\/{rel}","templated":true}]}}