{"id":3263,"date":"2024-06-26T15:18:32","date_gmt":"2024-06-26T07:18:32","guid":{"rendered":"https:\/\/fudakinfishing.com\/?post_type=product&#038;p=3263"},"modified":"2024-06-26T15:18:32","modified_gmt":"2024-06-26T07:18:32","slug":"pro-football-jighead","status":"publish","type":"product","link":"https:\/\/www.rankofishing.com\/fr\/product\/pro-football-jighead\/","title":{"rendered":"T\u00eate plomb\u00e9e de football professionnel"},"content":{"rendered":"<table>\n<tbody>\n<tr>\n<td width=\"104\">Article N\u00b0<\/td>\n<td width=\"461\">\u00a0 PFJ02<\/td>\n<\/tr>\n<tr>\n<td>Mat\u00e9riau du corps<\/td>\n<td>\u00a0 PVC<\/td>\n<\/tr>\n<tr>\n<td>Poids<\/td>\n<td>\u00a0 7g-10g<\/td>\n<\/tr>\n<tr>\n<td>Couleur<\/td>\n<td>\u00a0 Rouge, Noir, Noir Mat, Argent M\u00e9tallis\u00e9<\/td>\n<\/tr>\n<tr>\n<td>Statut<\/td>\n<td>\u00a0 Naufrage<\/td>\n<\/tr>\n<tr>\n<td>Catalogue<\/td>\n<td>\u00a0 T\u00eate plomb\u00e9e<\/td>\n<\/tr>\n<\/tbody>\n<\/table>","protected":false},"excerpt":{"rendered":"<p>Num\u00e9ro d&#039;article PFJ02 Mat\u00e9riau du corps PVC Poids 7 g-10 g Couleur Rouge, noir, noir mat, m\u00e9tal argent\u00e9 Statut Coulant Catalogue T\u00eate plomb\u00e9e<\/p>","protected":false},"featured_media":3265,"template":"","meta":[],"product_categories":[22],"class_list":["post-3263","product","type-product","status-publish","has-post-thumbnail","hentry","product_categories-jig"],"acf":[],"_links":{"self":[{"href":"https:\/\/www.rankofishing.com\/fr\/wp-json\/wp\/v2\/product\/3263","targetHints":{"allow":["GET"]}}],"collection":[{"href":"https:\/\/www.rankofishing.com\/fr\/wp-json\/wp\/v2\/product"}],"about":[{"href":"https:\/\/www.rankofishing.com\/fr\/wp-json\/wp\/v2\/types\/product"}],"wp:featuredmedia":[{"embeddable":true,"href":"https:\/\/www.rankofishing.com\/fr\/wp-json\/wp\/v2\/media\/3265"}],"wp:attachment":[{"href":"https:\/\/www.rankofishing.com\/fr\/wp-json\/wp\/v2\/media?parent=3263"}],"wp:term":[{"taxonomy":"product_categories","embeddable":true,"href":"https:\/\/www.rankofishing.com\/fr\/wp-json\/wp\/v2\/product_categories?post=3263"}],"curies":[{"name":"wp","href":"https:\/\/api.w.org\/{rel}","templated":true}]}}