{"id":2913,"date":"2024-06-26T15:18:33","date_gmt":"2024-06-26T07:18:33","guid":{"rendered":"https:\/\/fudakinfishing.com\/?post_type=product&#038;p=2913"},"modified":"2024-06-26T15:18:33","modified_gmt":"2024-06-26T07:18:33","slug":"hexagon-high-density-worm-bait-senko","status":"publish","type":"product","link":"https:\/\/www.rankofishing.com\/fr\/product\/hexagon-high-density-worm-bait-senko\/","title":{"rendered":"App\u00e2t \u00e0 vers hexagonal haute densit\u00e9 Senko"},"content":{"rendered":"<table>\n<tbody>\n<tr>\n<td width=\"104\">Article N\u00b0<\/td>\n<td width=\"461\">\u00a0 HDW01<\/td>\n<\/tr>\n<tr>\n<td>Mat\u00e9riau du corps<\/td>\n<td>\u00a0 PVC<\/td>\n<\/tr>\n<tr>\n<td>Poids<\/td>\n<td>\u00a0 7,5 g<\/td>\n<\/tr>\n<tr>\n<td>Longueur<\/td>\n<td>\u00a0 5&#8243;<\/td>\n<\/tr>\n<tr>\n<td>Statut<\/td>\n<td>\u00a0 Naufrage<\/td>\n<\/tr>\n<tr>\n<td>Catalogue<\/td>\n<td>\u00a0 Ver<\/td>\n<\/tr>\n<\/tbody>\n<\/table>","protected":false},"excerpt":{"rendered":"<p>Article n\u00b0 HDW01 Mat\u00e9riau du corps PVC Poids 7,5 g Longueur 5\u2033 Statut Coulant Catalogue Ver<\/p>","protected":false},"featured_media":3135,"template":"","meta":[],"product_categories":[13],"class_list":["post-2913","product","type-product","status-publish","has-post-thumbnail","hentry","product_categories-worm"],"acf":[],"_links":{"self":[{"href":"https:\/\/www.rankofishing.com\/fr\/wp-json\/wp\/v2\/product\/2913","targetHints":{"allow":["GET"]}}],"collection":[{"href":"https:\/\/www.rankofishing.com\/fr\/wp-json\/wp\/v2\/product"}],"about":[{"href":"https:\/\/www.rankofishing.com\/fr\/wp-json\/wp\/v2\/types\/product"}],"wp:featuredmedia":[{"embeddable":true,"href":"https:\/\/www.rankofishing.com\/fr\/wp-json\/wp\/v2\/media\/3135"}],"wp:attachment":[{"href":"https:\/\/www.rankofishing.com\/fr\/wp-json\/wp\/v2\/media?parent=2913"}],"wp:term":[{"taxonomy":"product_categories","embeddable":true,"href":"https:\/\/www.rankofishing.com\/fr\/wp-json\/wp\/v2\/product_categories?post=2913"}],"curies":[{"name":"wp","href":"https:\/\/api.w.org\/{rel}","templated":true}]}}