{"id":2908,"date":"2024-06-26T15:18:33","date_gmt":"2024-06-26T07:18:33","guid":{"rendered":"https:\/\/fudakinfishing.com\/?post_type=product&#038;p=2908"},"modified":"2024-06-26T15:18:33","modified_gmt":"2024-06-26T07:18:33","slug":"fsj01-jerk-fast-searching-shallow-diving-jerkbait","status":"publish","type":"product","link":"https:\/\/www.rankofishing.com\/fr\/product\/fsj01-jerk-fast-searching-shallow-diving-jerkbait\/","title":{"rendered":"FSJ01 Jerkbait \u00e0 plong\u00e9e peu profonde et \u00e0 recherche rapide"},"content":{"rendered":"<table>\n<tbody>\n<tr>\n<td width=\"104\">Article N\u00b0<\/td>\n<td width=\"461\">\u00a0 FSJ01<\/td>\n<\/tr>\n<tr>\n<td>Mat\u00e9riau du corps<\/td>\n<td>\u00a0 ABS<\/td>\n<\/tr>\n<tr>\n<td>Poids<\/td>\n<td>\u00a0 10g<\/td>\n<\/tr>\n<tr>\n<td>Longueur<\/td>\n<td>\u00a0 100 mm<\/td>\n<\/tr>\n<tr>\n<td>Statut<\/td>\n<td>\u00a0 Flottant<\/td>\n<\/tr>\n<tr>\n<td>Catalogue<\/td>\n<td>\u00a0 Vairon<\/td>\n<\/tr>\n<\/tbody>\n<\/table>","protected":false},"excerpt":{"rendered":"<p>Num\u00e9ro d&#039;article FSJ01 Mat\u00e9riau du corps ABS Poids 10 g Longueur 100 mm Statut Flottant Catalogue Minnow<\/p>","protected":false},"featured_media":3098,"template":"","meta":[],"product_categories":[18],"class_list":["post-2908","product","type-product","status-publish","has-post-thumbnail","hentry","product_categories-minnow"],"acf":[],"_links":{"self":[{"href":"https:\/\/www.rankofishing.com\/fr\/wp-json\/wp\/v2\/product\/2908","targetHints":{"allow":["GET"]}}],"collection":[{"href":"https:\/\/www.rankofishing.com\/fr\/wp-json\/wp\/v2\/product"}],"about":[{"href":"https:\/\/www.rankofishing.com\/fr\/wp-json\/wp\/v2\/types\/product"}],"wp:featuredmedia":[{"embeddable":true,"href":"https:\/\/www.rankofishing.com\/fr\/wp-json\/wp\/v2\/media\/3098"}],"wp:attachment":[{"href":"https:\/\/www.rankofishing.com\/fr\/wp-json\/wp\/v2\/media?parent=2908"}],"wp:term":[{"taxonomy":"product_categories","embeddable":true,"href":"https:\/\/www.rankofishing.com\/fr\/wp-json\/wp\/v2\/product_categories?post=2908"}],"curies":[{"name":"wp","href":"https:\/\/api.w.org\/{rel}","templated":true}]}}