{"id":6060,"date":"2024-12-26T21:25:55","date_gmt":"2024-12-26T13:25:55","guid":{"rendered":"https:\/\/www.rankofishing.com\/?post_type=product&#038;p=6060"},"modified":"2024-12-27T15:52:52","modified_gmt":"2024-12-27T07:52:52","slug":"crawfish-baits-shark-skimming-15-floating-water-root-fishing-routes-sub-bait-biomimetic-soft-bait-shrimp-type-soft-bait-soft-worm-black-pit-wild-fishing-false-bait-sea-bass","status":"publish","type":"product","link":"https:\/\/www.rankofishing.com\/es\/product\/crawfish-baits-shark-skimming-15-floating-water-root-fishing-routes-sub-bait-biomimetic-soft-bait-shrimp-type-soft-bait-soft-worm-black-pit-wild-fishing-false-bait-sea-bass\/","title":{"rendered":"RANKOFISHING | Cebos para langostinos skimming | 15 rutas de pesca de ra\u00edces flotantes en el agua, cebo blando biomim\u00e9tico sub, cebo blando tipo camar\u00f3n, gusano blando, pesca salvaje con black pit, cebo falso, lubina"},"content":{"rendered":"<table>\n<tbody>\n<tr>\n<td width=\"104\">Art\u00edculo N.\u00ba<\/td>\n<td width=\"461\">\u00a0RK14<\/td>\n<\/tr>\n<tr>\n<td>Material del cuerpo<\/td>\n<td><\/td>\n<\/tr>\n<tr>\n<td>Peso<\/td>\n<td><\/td>\n<\/tr>\n<tr>\n<td>Longitud<\/td>\n<td><\/td>\n<\/tr>\n<tr>\n<td>Estado<\/td>\n<td>\u00a0 Hundimiento<\/td>\n<\/tr>\n<tr>\n<td>Catalogar<\/td>\n<td>\n<div>\n<div data-zone-id=\"0\" data-line-index=\"0\" data-line=\"true\">Cebos para cangrejos de r\u00edo<\/div>\n<\/div>\n<\/td>\n<\/tr>\n<\/tbody>\n<\/table>","protected":false},"excerpt":{"rendered":"<p>Art\u00edculo N.\u00ba RK14 Material del cuerpo Peso Longitud Estado Hundimiento Cat\u00e1logo Cebos para cangrejos de r\u00edo<\/p>","protected":false},"featured_media":6065,"template":"","meta":[],"product_categories":[15],"class_list":["post-6060","product","type-product","status-publish","has-post-thumbnail","hentry","product_categories-crawfish-baits"],"acf":[],"_links":{"self":[{"href":"https:\/\/www.rankofishing.com\/es\/wp-json\/wp\/v2\/product\/6060","targetHints":{"allow":["GET"]}}],"collection":[{"href":"https:\/\/www.rankofishing.com\/es\/wp-json\/wp\/v2\/product"}],"about":[{"href":"https:\/\/www.rankofishing.com\/es\/wp-json\/wp\/v2\/types\/product"}],"wp:featuredmedia":[{"embeddable":true,"href":"https:\/\/www.rankofishing.com\/es\/wp-json\/wp\/v2\/media\/6065"}],"wp:attachment":[{"href":"https:\/\/www.rankofishing.com\/es\/wp-json\/wp\/v2\/media?parent=6060"}],"wp:term":[{"taxonomy":"product_categories","embeddable":true,"href":"https:\/\/www.rankofishing.com\/es\/wp-json\/wp\/v2\/product_categories?post=6060"}],"curies":[{"name":"wp","href":"https:\/\/api.w.org\/{rel}","templated":true}]}}