{"id":5285,"date":"2024-06-26T15:18:31","date_gmt":"2024-06-26T07:18:31","guid":{"rendered":"https:\/\/www.rankofishing.com\/?post_type=product&#038;p=5285"},"modified":"2024-06-26T15:18:31","modified_gmt":"2024-06-26T07:18:31","slug":"jt50-small-ratlle-floating-trout-bluegill-panfish-jerkbait-minnow","status":"publish","type":"product","link":"https:\/\/www.rankofishing.com\/es\/product\/jt50-small-ratlle-floating-trout-bluegill-panfish-jerkbait-minnow\/","title":{"rendered":"JT50 Peque\u00f1o se\u00f1uelo flotante para trucha, pez luna, pez luna, se\u00f1uelo para pez peque\u00f1o"},"content":{"rendered":"<table>\n<tbody>\n<tr>\n<td width=\"104\">Art\u00edculo N.\u00ba<\/td>\n<td width=\"461\">JT50<\/td>\n<\/tr>\n<tr>\n<td>Material del cuerpo<\/td>\n<td>\u00a0 abdominales<\/td>\n<\/tr>\n<tr>\n<td>Peso<\/td>\n<td>\u00a0 4g<\/td>\n<\/tr>\n<tr>\n<td>Longitud<\/td>\n<td>\u00a0 50 mm<\/td>\n<\/tr>\n<tr>\n<td>Estado<\/td>\n<td>\u00a0 Hundimiento<\/td>\n<\/tr>\n<tr>\n<td>Catalogar<\/td>\n<td>\u00a0 Pececillo<\/td>\n<\/tr>\n<\/tbody>\n<\/table>","protected":false},"excerpt":{"rendered":"<p>Art\u00edculo N.\u00ba JT50 Material del cuerpo ABS Peso 4 g Longitud 50 mm Estado Hundimiento Cat\u00e1logo Minnow<\/p>","protected":false},"featured_media":5292,"template":"","meta":[],"product_categories":[18],"class_list":["post-5285","product","type-product","status-publish","has-post-thumbnail","hentry","product_categories-minnow"],"acf":[],"_links":{"self":[{"href":"https:\/\/www.rankofishing.com\/es\/wp-json\/wp\/v2\/product\/5285","targetHints":{"allow":["GET"]}}],"collection":[{"href":"https:\/\/www.rankofishing.com\/es\/wp-json\/wp\/v2\/product"}],"about":[{"href":"https:\/\/www.rankofishing.com\/es\/wp-json\/wp\/v2\/types\/product"}],"wp:featuredmedia":[{"embeddable":true,"href":"https:\/\/www.rankofishing.com\/es\/wp-json\/wp\/v2\/media\/5292"}],"wp:attachment":[{"href":"https:\/\/www.rankofishing.com\/es\/wp-json\/wp\/v2\/media?parent=5285"}],"wp:term":[{"taxonomy":"product_categories","embeddable":true,"href":"https:\/\/www.rankofishing.com\/es\/wp-json\/wp\/v2\/product_categories?post=5285"}],"curies":[{"name":"wp","href":"https:\/\/api.w.org\/{rel}","templated":true}]}}