{"id":2899,"date":"2024-06-26T15:18:33","date_gmt":"2024-06-26T07:18:33","guid":{"rendered":"https:\/\/fudakinfishing.com\/?post_type=product&#038;p=2899"},"modified":"2024-06-26T15:18:33","modified_gmt":"2024-06-26T07:18:33","slug":"cp30-small-ratlle-floating-trout-bluegill-panfish-jerkbait-minnow","status":"publish","type":"product","link":"https:\/\/www.rankofishing.com\/es\/product\/cp30-small-ratlle-floating-trout-bluegill-panfish-jerkbait-minnow\/","title":{"rendered":"CP30 Peque\u00f1o se\u00f1uelo flotante para trucha, pez luna, pez luna, se\u00f1uelo para pez peque\u00f1o"},"content":{"rendered":"<table>\n<tbody>\n<tr>\n<td width=\"104\">Art\u00edculo N.\u00ba<\/td>\n<td width=\"461\">\u00a0 CP30<\/td>\n<\/tr>\n<tr>\n<td>Material del cuerpo<\/td>\n<td>\u00a0 abdominales<\/td>\n<\/tr>\n<tr>\n<td>Peso<\/td>\n<td>\u00a0 2 gramos<\/td>\n<\/tr>\n<tr>\n<td>Longitud<\/td>\n<td>\u00a0 40 mm<\/td>\n<\/tr>\n<tr>\n<td>Estado<\/td>\n<td>\u00a0 Flotante<\/td>\n<\/tr>\n<tr>\n<td>Catalogar<\/td>\n<td>\u00a0 Pececillo<\/td>\n<\/tr>\n<\/tbody>\n<\/table>","protected":false},"excerpt":{"rendered":"<p>Art\u00edculo N.\u00ba CP30 Material del cuerpo ABS Peso 2 g Longitud 40 mm Estado Flotante Cat\u00e1logo Minnow<\/p>","protected":false},"featured_media":3077,"template":"","meta":[],"product_categories":[18],"class_list":["post-2899","product","type-product","status-publish","has-post-thumbnail","hentry","product_categories-minnow"],"acf":[],"_links":{"self":[{"href":"https:\/\/www.rankofishing.com\/es\/wp-json\/wp\/v2\/product\/2899","targetHints":{"allow":["GET"]}}],"collection":[{"href":"https:\/\/www.rankofishing.com\/es\/wp-json\/wp\/v2\/product"}],"about":[{"href":"https:\/\/www.rankofishing.com\/es\/wp-json\/wp\/v2\/types\/product"}],"wp:featuredmedia":[{"embeddable":true,"href":"https:\/\/www.rankofishing.com\/es\/wp-json\/wp\/v2\/media\/3077"}],"wp:attachment":[{"href":"https:\/\/www.rankofishing.com\/es\/wp-json\/wp\/v2\/media?parent=2899"}],"wp:term":[{"taxonomy":"product_categories","embeddable":true,"href":"https:\/\/www.rankofishing.com\/es\/wp-json\/wp\/v2\/product_categories?post=2899"}],"curies":[{"name":"wp","href":"https:\/\/api.w.org\/{rel}","templated":true}]}}