{"id":6188,"date":"2024-12-27T17:48:32","date_gmt":"2024-12-27T09:48:32","guid":{"rendered":"https:\/\/www.rankofishing.com\/?post_type=product&#038;p=6188"},"modified":"2024-12-27T17:48:32","modified_gmt":"2024-12-27T09:48:32","slug":"rankofishing-falling-iron-plate-road-asian-bait-strengthening-three-hook-bank-throwing-long-throw-bank-throwing-falling-iron-plate-fake-bait-bayfish-bait","status":"publish","type":"product","link":"https:\/\/www.rankofishing.com\/de\/product\/rankofishing-falling-iron-plate-road-asian-bait-strengthening-three-hook-bank-throwing-long-throw-bank-throwing-falling-iron-plate-fake-bait-bayfish-bait\/","title":{"rendered":"RANKOFISHING |Fallende Eisenplatte, Stra\u00dfenk\u00f6der, Verst\u00e4rkung durch drei Haken, Uferwerfen, Weitwurf, Uferwerfen, Fallende Eisenplatte, Kunstk\u00f6der, Bayfish-K\u00f6der"},"content":{"rendered":"<table>\n<tbody>\n<tr>\n<td width=\"104\">Artikelnr.<\/td>\n<td width=\"461\">\u00a0RK27<\/td>\n<\/tr>\n<tr>\n<td>Geh\u00e4usematerial<\/td>\n<td>\n<div>\n<div data-zone-id=\"0\" data-line-index=\"0\" data-line=\"true\">Metall<\/div>\n<\/div>\n<\/td>\n<\/tr>\n<tr>\n<td>Gewicht<\/td>\n<td><\/td>\n<\/tr>\n<tr>\n<td>L\u00e4nge<\/td>\n<td><\/td>\n<\/tr>\n<tr>\n<td>Status<\/td>\n<td>\u00a0 Untergang<\/td>\n<\/tr>\n<tr>\n<td>Katalog<\/td>\n<td>\n<div>\n<div data-zone-id=\"0\" data-line-index=\"0\" data-line=\"true\">Metallvorrichtung<\/div>\n<\/div>\n<\/td>\n<\/tr>\n<\/tbody>\n<\/table>","protected":false},"excerpt":{"rendered":"<p>Artikel Nr. RK27 K\u00f6rpermaterial Metall Gewicht L\u00e4nge Status Sinking Katalog Metal Jig<\/p>","protected":false},"featured_media":6192,"template":"","meta":[],"product_categories":[23],"class_list":["post-6188","product","type-product","status-publish","has-post-thumbnail","hentry","product_categories-metal-jig"],"acf":[],"_links":{"self":[{"href":"https:\/\/www.rankofishing.com\/de\/wp-json\/wp\/v2\/product\/6188","targetHints":{"allow":["GET"]}}],"collection":[{"href":"https:\/\/www.rankofishing.com\/de\/wp-json\/wp\/v2\/product"}],"about":[{"href":"https:\/\/www.rankofishing.com\/de\/wp-json\/wp\/v2\/types\/product"}],"wp:featuredmedia":[{"embeddable":true,"href":"https:\/\/www.rankofishing.com\/de\/wp-json\/wp\/v2\/media\/6192"}],"wp:attachment":[{"href":"https:\/\/www.rankofishing.com\/de\/wp-json\/wp\/v2\/media?parent=6188"}],"wp:term":[{"taxonomy":"product_categories","embeddable":true,"href":"https:\/\/www.rankofishing.com\/de\/wp-json\/wp\/v2\/product_categories?post=6188"}],"curies":[{"name":"wp","href":"https:\/\/api.w.org\/{rel}","templated":true}]}}