{"id":6182,"date":"2024-12-27T17:44:34","date_gmt":"2024-12-27T09:44:34","guid":{"rendered":"https:\/\/www.rankofishing.com\/?post_type=product&#038;p=6182"},"modified":"2024-12-27T17:44:34","modified_gmt":"2024-12-27T09:44:34","slug":"rankofishing-drifting-knife-iron-plate-metal-glitter-shore-fishing-long-throw-shore-throwing-biomimetic-bait-simulated-lure-lure-fake-bait-sea-bass-upturned-mouth","status":"publish","type":"product","link":"https:\/\/www.rankofishing.com\/de\/product\/rankofishing-drifting-knife-iron-plate-metal-glitter-shore-fishing-long-throw-shore-throwing-biomimetic-bait-simulated-lure-lure-fake-bait-sea-bass-upturned-mouth\/","title":{"rendered":"RANKOFISHING | Driftmesser, Eisenplatte, Metallglitzer, Uferangeln, Weitwurf, Uferwerfen, biomimetischer K\u00f6der, simulierter K\u00f6der, Kunstk\u00f6der, Wolfsbarsch, nach oben gerichtetes Maul"},"content":{"rendered":"<table>\n<tbody>\n<tr>\n<td width=\"104\">Artikelnr.<\/td>\n<td width=\"461\">\u00a0RK26<\/td>\n<\/tr>\n<tr>\n<td>Geh\u00e4usematerial<\/td>\n<td>\n<div>\n<div data-zone-id=\"0\" data-line-index=\"0\" data-line=\"true\">Metall<\/div>\n<\/div>\n<\/td>\n<\/tr>\n<tr>\n<td>Gewicht<\/td>\n<td><\/td>\n<\/tr>\n<tr>\n<td>L\u00e4nge<\/td>\n<td><\/td>\n<\/tr>\n<tr>\n<td>Status<\/td>\n<td>\u00a0 Untergang<\/td>\n<\/tr>\n<tr>\n<td>Katalog<\/td>\n<td>\n<div>\n<div data-zone-id=\"0\" data-line-index=\"0\" data-line=\"true\">Metallvorrichtung<\/div>\n<\/div>\n<\/td>\n<\/tr>\n<\/tbody>\n<\/table>","protected":false},"excerpt":{"rendered":"<p>Artikel Nr. RK26 K\u00f6rpermaterial Metall Gewicht L\u00e4nge Status Sinking Katalog Metal Jig<\/p>","protected":false},"featured_media":6183,"template":"","meta":[],"product_categories":[23],"class_list":["post-6182","product","type-product","status-publish","has-post-thumbnail","hentry","product_categories-metal-jig"],"acf":[],"_links":{"self":[{"href":"https:\/\/www.rankofishing.com\/de\/wp-json\/wp\/v2\/product\/6182","targetHints":{"allow":["GET"]}}],"collection":[{"href":"https:\/\/www.rankofishing.com\/de\/wp-json\/wp\/v2\/product"}],"about":[{"href":"https:\/\/www.rankofishing.com\/de\/wp-json\/wp\/v2\/types\/product"}],"wp:featuredmedia":[{"embeddable":true,"href":"https:\/\/www.rankofishing.com\/de\/wp-json\/wp\/v2\/media\/6183"}],"wp:attachment":[{"href":"https:\/\/www.rankofishing.com\/de\/wp-json\/wp\/v2\/media?parent=6182"}],"wp:term":[{"taxonomy":"product_categories","embeddable":true,"href":"https:\/\/www.rankofishing.com\/de\/wp-json\/wp\/v2\/product_categories?post=6182"}],"curies":[{"name":"wp","href":"https:\/\/api.w.org\/{rel}","templated":true}]}}