{"id":6161,"date":"2024-12-27T17:41:24","date_gmt":"2024-12-27T09:41:24","guid":{"rendered":"https:\/\/www.rankofishing.com\/?post_type=product&#038;p=6161"},"modified":"2024-12-27T17:41:24","modified_gmt":"2024-12-27T09:41:24","slug":"rankofishing-blue-knife-iron-plate-road-ya-bait-sea-fishing-lead-fish-far-throw-biomimetic-bait-quick-draw-lead-fish-bait-bayu-fish-bait","status":"publish","type":"product","link":"https:\/\/www.rankofishing.com\/de\/product\/rankofishing-blue-knife-iron-plate-road-ya-bait-sea-fishing-lead-fish-far-throw-biomimetic-bait-quick-draw-lead-fish-bait-bayu-fish-bait\/","title":{"rendered":"RANKOFISHING |Blaues Messer, Eisenplatte, Road Ya-K\u00f6der, Meeresangeln, Bleifisch, Weitwurf, biomimetischer K\u00f6der, Schnellzieh-Bleifischk\u00f6der, Bayu-Fischk\u00f6der"},"content":{"rendered":"<table>\n<tbody>\n<tr>\n<td width=\"104\">Artikelnr.<\/td>\n<td width=\"461\">\u00a0RK25<\/td>\n<\/tr>\n<tr>\n<td>Geh\u00e4usematerial<\/td>\n<td>\n<div>\n<div data-zone-id=\"0\" data-line-index=\"0\" data-line=\"true\">Metall<\/div>\n<\/div>\n<\/td>\n<\/tr>\n<tr>\n<td>Gewicht<\/td>\n<td><\/td>\n<\/tr>\n<tr>\n<td>L\u00e4nge<\/td>\n<td><\/td>\n<\/tr>\n<tr>\n<td>Status<\/td>\n<td>\u00a0 Untergang<\/td>\n<\/tr>\n<tr>\n<td>Katalog<\/td>\n<td>\n<div>\n<div data-zone-id=\"0\" data-line-index=\"0\" data-line=\"true\">Metallvorrichtung<\/div>\n<\/div>\n<\/td>\n<\/tr>\n<\/tbody>\n<\/table>","protected":false},"excerpt":{"rendered":"<p>Artikel Nr. RK25 K\u00f6rpermaterial Metall Gewicht L\u00e4nge Status Sinking Katalog Metal Jig<\/p>","protected":false},"featured_media":6174,"template":"","meta":[],"product_categories":[23],"class_list":["post-6161","product","type-product","status-publish","has-post-thumbnail","hentry","product_categories-metal-jig"],"acf":[],"_links":{"self":[{"href":"https:\/\/www.rankofishing.com\/de\/wp-json\/wp\/v2\/product\/6161","targetHints":{"allow":["GET"]}}],"collection":[{"href":"https:\/\/www.rankofishing.com\/de\/wp-json\/wp\/v2\/product"}],"about":[{"href":"https:\/\/www.rankofishing.com\/de\/wp-json\/wp\/v2\/types\/product"}],"wp:featuredmedia":[{"embeddable":true,"href":"https:\/\/www.rankofishing.com\/de\/wp-json\/wp\/v2\/media\/6174"}],"wp:attachment":[{"href":"https:\/\/www.rankofishing.com\/de\/wp-json\/wp\/v2\/media?parent=6161"}],"wp:term":[{"taxonomy":"product_categories","embeddable":true,"href":"https:\/\/www.rankofishing.com\/de\/wp-json\/wp\/v2\/product_categories?post=6161"}],"curies":[{"name":"wp","href":"https:\/\/api.w.org\/{rel}","templated":true}]}}