{"id":6139,"date":"2024-12-27T17:30:27","date_gmt":"2024-12-27T09:30:27","guid":{"rendered":"https:\/\/www.rankofishing.com\/?post_type=product&#038;p=6139"},"modified":"2024-12-27T17:32:00","modified_gmt":"2024-12-27T09:32:00","slug":"rankofishing-octopus-eye-iron-plate-21g3d-spray-painted-real-fish-scale-biomimetic-color-road-sub-bait-far-throw-mackerel-bait-sea-fishing-hook","status":"publish","type":"product","link":"https:\/\/www.rankofishing.com\/de\/product\/rankofishing-octopus-eye-iron-plate-21g3d-spray-painted-real-fish-scale-biomimetic-color-road-sub-bait-far-throw-mackerel-bait-sea-fishing-hook\/","title":{"rendered":"RANKOFISHING |Oktopusauge-Eisenplatte 21 g, 3D-Spr\u00fchfarbe, echte Fischschuppen, biomimetische Farbe, Stra\u00dfen-U-Boot-K\u00f6der, Weitwurf-Makrelenk\u00f6der, Meeresangelhaken"},"content":{"rendered":"<table>\n<tbody>\n<tr>\n<td width=\"104\">Artikelnr.<\/td>\n<td width=\"461\">\u00a0RK23<\/td>\n<\/tr>\n<tr>\n<td>Geh\u00e4usematerial<\/td>\n<td>\n<div>\n<div data-zone-id=\"0\" data-line-index=\"0\" data-line=\"true\">Metall<\/div>\n<\/div>\n<\/td>\n<\/tr>\n<tr>\n<td>Gewicht<\/td>\n<td>21 g<\/td>\n<\/tr>\n<tr>\n<td>L\u00e4nge<\/td>\n<td><\/td>\n<\/tr>\n<tr>\n<td>Status<\/td>\n<td>\u00a0 Untergang<\/td>\n<\/tr>\n<tr>\n<td>Katalog<\/td>\n<td>\n<div>\n<div data-zone-id=\"0\" data-line-index=\"0\" data-line=\"true\">Metallvorrichtung<\/div>\n<\/div>\n<\/td>\n<\/tr>\n<\/tbody>\n<\/table>","protected":false},"excerpt":{"rendered":"<p>Artikel Nr. RK23 K\u00f6rpermaterial Metall Gewicht 21g L\u00e4nge Status Sinking Katalog Metal Jig<\/p>","protected":false},"featured_media":6153,"template":"","meta":[],"product_categories":[23],"class_list":["post-6139","product","type-product","status-publish","has-post-thumbnail","hentry","product_categories-metal-jig"],"acf":[],"_links":{"self":[{"href":"https:\/\/www.rankofishing.com\/de\/wp-json\/wp\/v2\/product\/6139","targetHints":{"allow":["GET"]}}],"collection":[{"href":"https:\/\/www.rankofishing.com\/de\/wp-json\/wp\/v2\/product"}],"about":[{"href":"https:\/\/www.rankofishing.com\/de\/wp-json\/wp\/v2\/types\/product"}],"wp:featuredmedia":[{"embeddable":true,"href":"https:\/\/www.rankofishing.com\/de\/wp-json\/wp\/v2\/media\/6153"}],"wp:attachment":[{"href":"https:\/\/www.rankofishing.com\/de\/wp-json\/wp\/v2\/media?parent=6139"}],"wp:term":[{"taxonomy":"product_categories","embeddable":true,"href":"https:\/\/www.rankofishing.com\/de\/wp-json\/wp\/v2\/product_categories?post=6139"}],"curies":[{"name":"wp","href":"https:\/\/api.w.org\/{rel}","templated":true}]}}