{"id":6135,"date":"2024-12-27T17:25:20","date_gmt":"2024-12-27T09:25:20","guid":{"rendered":"https:\/\/www.rankofishing.com\/?post_type=product&#038;p=6135"},"modified":"2024-12-27T17:25:20","modified_gmt":"2024-12-27T09:25:20","slug":"rankofishing-specializing-in-bayu-bait-metal-iron-plate-road-asian-bayu-shore-casting-long-range-casting-falling-iron-plate-fake-bait-rotating-glitter","status":"publish","type":"product","link":"https:\/\/www.rankofishing.com\/de\/product\/rankofishing-specializing-in-bayu-bait-metal-iron-plate-road-asian-bayu-shore-casting-long-range-casting-falling-iron-plate-fake-bait-rotating-glitter\/","title":{"rendered":"RANKOFISHING |Spezialisiert auf Bayu-K\u00f6der, Metalleisenplattenstra\u00dfe, asiatisches Bayu-Uferwerfen, Weitwurf, fallende Eisenplatten-Faltk\u00f6der, rotierenden Glitzer"},"content":{"rendered":"<table>\n<tbody>\n<tr>\n<td width=\"104\">Artikelnr.<\/td>\n<td width=\"461\">\u00a0RK22<\/td>\n<\/tr>\n<tr>\n<td>Geh\u00e4usematerial<\/td>\n<td>\n<div>\n<div data-zone-id=\"0\" data-line-index=\"0\" data-line=\"true\">Metall<\/div>\n<\/div>\n<\/td>\n<\/tr>\n<tr>\n<td>Gewicht<\/td>\n<td><\/td>\n<\/tr>\n<tr>\n<td>L\u00e4nge<\/td>\n<td><\/td>\n<\/tr>\n<tr>\n<td>Status<\/td>\n<td>\u00a0 Untergang<\/td>\n<\/tr>\n<tr>\n<td>Katalog<\/td>\n<td>\n<div>\n<div data-zone-id=\"0\" data-line-index=\"0\" data-line=\"true\">Metallvorrichtung<\/div>\n<\/div>\n<\/td>\n<\/tr>\n<\/tbody>\n<\/table>","protected":false},"excerpt":{"rendered":"<p>Artikel Nr. RK22 K\u00f6rpermaterial Metall Gewicht L\u00e4nge Status Sinking Katalog Metal Jig<\/p>","protected":false},"featured_media":6138,"template":"","meta":[],"product_categories":[23],"class_list":["post-6135","product","type-product","status-publish","has-post-thumbnail","hentry","product_categories-metal-jig"],"acf":[],"_links":{"self":[{"href":"https:\/\/www.rankofishing.com\/de\/wp-json\/wp\/v2\/product\/6135","targetHints":{"allow":["GET"]}}],"collection":[{"href":"https:\/\/www.rankofishing.com\/de\/wp-json\/wp\/v2\/product"}],"about":[{"href":"https:\/\/www.rankofishing.com\/de\/wp-json\/wp\/v2\/types\/product"}],"wp:featuredmedia":[{"embeddable":true,"href":"https:\/\/www.rankofishing.com\/de\/wp-json\/wp\/v2\/media\/6138"}],"wp:attachment":[{"href":"https:\/\/www.rankofishing.com\/de\/wp-json\/wp\/v2\/media?parent=6135"}],"wp:term":[{"taxonomy":"product_categories","embeddable":true,"href":"https:\/\/www.rankofishing.com\/de\/wp-json\/wp\/v2\/product_categories?post=6135"}],"curies":[{"name":"wp","href":"https:\/\/api.w.org\/{rel}","templated":true}]}}