{"id":6114,"date":"2024-12-27T17:16:47","date_gmt":"2024-12-27T09:16:47","guid":{"rendered":"https:\/\/www.rankofishing.com\/?post_type=product&#038;p=6114"},"modified":"2024-12-27T17:21:59","modified_gmt":"2024-12-27T09:21:59","slug":"rankofishing-explosive-fishing-shore-throwing-iron-plate-sea-fishing-lead-fish-road-bait-slow-shaking-far-throwing-shore-throwing-with-hairy-blood-groove-hook-mackerel-bait","status":"publish","type":"product","link":"https:\/\/www.rankofishing.com\/de\/product\/rankofishing-explosive-fishing-shore-throwing-iron-plate-sea-fishing-lead-fish-road-bait-slow-shaking-far-throwing-shore-throwing-with-hairy-blood-groove-hook-mackerel-bait\/","title":{"rendered":"RANKOFISHING | Explosives Angeln, Uferwerfen, Eisenplatte, Meeresangeln, Bleifisch-Stra\u00dfenk\u00f6der, langsames Sch\u00fctteln, Weitwerfen, Uferwerfen mit haarigem Blutrillenhaken, Makrelenk\u00f6der"},"content":{"rendered":"<table>\n<tbody>\n<tr>\n<td width=\"104\">Artikelnr.<\/td>\n<td width=\"461\">\u00a0RK21<\/td>\n<\/tr>\n<tr>\n<td>Geh\u00e4usematerial<\/td>\n<td>\n<div>\n<div data-zone-id=\"0\" data-line-index=\"0\" data-line=\"true\">Metall<\/div>\n<\/div>\n<\/td>\n<\/tr>\n<tr>\n<td>Gewicht<\/td>\n<td><\/td>\n<\/tr>\n<tr>\n<td>L\u00e4nge<\/td>\n<td><\/td>\n<\/tr>\n<tr>\n<td>Status<\/td>\n<td>\u00a0 Untergang<\/td>\n<\/tr>\n<tr>\n<td>Katalog<\/td>\n<td>\n<div>\n<div data-zone-id=\"0\" data-line-index=\"0\" data-line=\"true\">Metallvorrichtung<\/div>\n<\/div>\n<\/td>\n<\/tr>\n<\/tbody>\n<\/table>","protected":false},"excerpt":{"rendered":"<p>Artikel Nr. RK21 K\u00f6rpermaterial Metall Gewicht L\u00e4nge Status Sinking Katalog Metal Jig<\/p>","protected":false},"featured_media":6129,"template":"","meta":[],"product_categories":[23],"class_list":["post-6114","product","type-product","status-publish","has-post-thumbnail","hentry","product_categories-metal-jig"],"acf":[],"_links":{"self":[{"href":"https:\/\/www.rankofishing.com\/de\/wp-json\/wp\/v2\/product\/6114","targetHints":{"allow":["GET"]}}],"collection":[{"href":"https:\/\/www.rankofishing.com\/de\/wp-json\/wp\/v2\/product"}],"about":[{"href":"https:\/\/www.rankofishing.com\/de\/wp-json\/wp\/v2\/types\/product"}],"wp:featuredmedia":[{"embeddable":true,"href":"https:\/\/www.rankofishing.com\/de\/wp-json\/wp\/v2\/media\/6129"}],"wp:attachment":[{"href":"https:\/\/www.rankofishing.com\/de\/wp-json\/wp\/v2\/media?parent=6114"}],"wp:term":[{"taxonomy":"product_categories","embeddable":true,"href":"https:\/\/www.rankofishing.com\/de\/wp-json\/wp\/v2\/product_categories?post=6114"}],"curies":[{"name":"wp","href":"https:\/\/api.w.org\/{rel}","templated":true}]}}