{"id":6099,"date":"2024-12-27T17:07:20","date_gmt":"2024-12-27T09:07:20","guid":{"rendered":"https:\/\/www.rankofishing.com\/?post_type=product&#038;p=6099"},"modified":"2024-12-27T17:07:20","modified_gmt":"2024-12-27T09:07:20","slug":"rankofishing-10-spider-type-soft-baits-luya-soft-bait-soft-insect-heterosexual-soft-bait-shrimp-soft-bait-bent-mouth-sea-bass-wholesale","status":"publish","type":"product","link":"https:\/\/www.rankofishing.com\/de\/product\/rankofishing-10-spider-type-soft-baits-luya-soft-bait-soft-insect-heterosexual-soft-bait-shrimp-soft-bait-bent-mouth-sea-bass-wholesale\/","title":{"rendered":"RANKOFISHING |10 weiche K\u00f6der vom Spinnentyp, weicher Luya-K\u00f6der, weicher heterosexueller Insekten-Weichk\u00f6der, weicher Garnelen-Weichk\u00f6der, Wolfsbarsch mit gebogenem Maul, Gro\u00dfhandel"},"content":{"rendered":"<table>\n<tbody>\n<tr>\n<td width=\"104\">Artikelnr.<\/td>\n<td width=\"461\">\u00a0RK19<\/td>\n<\/tr>\n<tr>\n<td>Geh\u00e4usematerial<\/td>\n<td><\/td>\n<\/tr>\n<tr>\n<td>Gewicht<\/td>\n<td><\/td>\n<\/tr>\n<tr>\n<td>L\u00e4nge<\/td>\n<td><\/td>\n<\/tr>\n<tr>\n<td>Status<\/td>\n<td>\u00a0 Untergang<\/td>\n<\/tr>\n<tr>\n<td>Katalog<\/td>\n<td>Langustenk\u00f6der<\/td>\n<\/tr>\n<\/tbody>\n<\/table>","protected":false},"excerpt":{"rendered":"<p>Artikel Nr. RK19 K\u00f6rper Material Gewicht L\u00e4nge Status Sinken Katalog Crawfish Baits<\/p>","protected":false},"featured_media":6102,"template":"","meta":[],"product_categories":[15],"class_list":["post-6099","product","type-product","status-publish","has-post-thumbnail","hentry","product_categories-crawfish-baits"],"acf":[],"_links":{"self":[{"href":"https:\/\/www.rankofishing.com\/de\/wp-json\/wp\/v2\/product\/6099","targetHints":{"allow":["GET"]}}],"collection":[{"href":"https:\/\/www.rankofishing.com\/de\/wp-json\/wp\/v2\/product"}],"about":[{"href":"https:\/\/www.rankofishing.com\/de\/wp-json\/wp\/v2\/types\/product"}],"wp:featuredmedia":[{"embeddable":true,"href":"https:\/\/www.rankofishing.com\/de\/wp-json\/wp\/v2\/media\/6102"}],"wp:attachment":[{"href":"https:\/\/www.rankofishing.com\/de\/wp-json\/wp\/v2\/media?parent=6099"}],"wp:term":[{"taxonomy":"product_categories","embeddable":true,"href":"https:\/\/www.rankofishing.com\/de\/wp-json\/wp\/v2\/product_categories?post=6099"}],"curies":[{"name":"wp","href":"https:\/\/api.w.org\/{rel}","templated":true}]}}