{"id":6066,"date":"2024-12-27T16:52:14","date_gmt":"2024-12-27T08:52:14","guid":{"rendered":"https:\/\/www.rankofishing.com\/?post_type=product&#038;p=6066"},"modified":"2024-12-27T16:52:14","modified_gmt":"2024-12-27T08:52:14","slug":"rankofishing-night-light-hanging-shrimp-lure-high-simulation-shrimp-fake-bait-with-hook-soft-bait-biomimetic-bait-freshwater-fake-shrimp-cross-border","status":"publish","type":"product","link":"https:\/\/www.rankofishing.com\/de\/product\/rankofishing-night-light-hanging-shrimp-lure-high-simulation-shrimp-fake-bait-with-hook-soft-bait-biomimetic-bait-freshwater-fake-shrimp-cross-border\/","title":{"rendered":"RANKOFISHING |Nachtlicht-H\u00e4ngegarnelenk\u00f6der, hochsimulierter Garnelen-Kunstk\u00f6der mit Haken, weicher K\u00f6der, biomimetischer K\u00f6der, S\u00fc\u00dfwasser-Kunstgarnelen grenz\u00fcberschreitend"},"content":{"rendered":"<table>\n<tbody>\n<tr>\n<td width=\"104\">Artikelnr.<\/td>\n<td width=\"461\">\u00a0RK15<\/td>\n<\/tr>\n<tr>\n<td>Geh\u00e4usematerial<\/td>\n<td><\/td>\n<\/tr>\n<tr>\n<td>Gewicht<\/td>\n<td><\/td>\n<\/tr>\n<tr>\n<td>L\u00e4nge<\/td>\n<td><\/td>\n<\/tr>\n<tr>\n<td>Status<\/td>\n<td>\u00a0 Untergang<\/td>\n<\/tr>\n<tr>\n<td>Katalog<\/td>\n<td>Langustenk\u00f6der<\/td>\n<\/tr>\n<\/tbody>\n<\/table>","protected":false},"excerpt":{"rendered":"<p>Artikel Nr. RK15 K\u00f6rper Material Gewicht L\u00e4nge Status Sinking Katalog Crawfish Baits<\/p>","protected":false},"featured_media":6074,"template":"","meta":[],"product_categories":[15],"class_list":["post-6066","product","type-product","status-publish","has-post-thumbnail","hentry","product_categories-crawfish-baits"],"acf":[],"_links":{"self":[{"href":"https:\/\/www.rankofishing.com\/de\/wp-json\/wp\/v2\/product\/6066","targetHints":{"allow":["GET"]}}],"collection":[{"href":"https:\/\/www.rankofishing.com\/de\/wp-json\/wp\/v2\/product"}],"about":[{"href":"https:\/\/www.rankofishing.com\/de\/wp-json\/wp\/v2\/types\/product"}],"wp:featuredmedia":[{"embeddable":true,"href":"https:\/\/www.rankofishing.com\/de\/wp-json\/wp\/v2\/media\/6074"}],"wp:attachment":[{"href":"https:\/\/www.rankofishing.com\/de\/wp-json\/wp\/v2\/media?parent=6066"}],"wp:term":[{"taxonomy":"product_categories","embeddable":true,"href":"https:\/\/www.rankofishing.com\/de\/wp-json\/wp\/v2\/product_categories?post=6066"}],"curies":[{"name":"wp","href":"https:\/\/api.w.org\/{rel}","templated":true}]}}