{"id":6010,"date":"2024-12-26T20:44:00","date_gmt":"2024-12-26T12:44:00","guid":{"rendered":"https:\/\/www.rankofishing.com\/?post_type=product&#038;p=6010"},"modified":"2024-12-27T15:51:48","modified_gmt":"2024-12-27T07:51:48","slug":"shark-slaying-colorful-amusing-vib-far-throw-metal-glitter-lure-leaping-mouth-bass-mandarin-fish-freshwater-fake-bait-wholesale","status":"publish","type":"product","link":"https:\/\/www.rankofishing.com\/de\/product\/shark-slaying-colorful-amusing-vib-far-throw-metal-glitter-lure-leaping-mouth-bass-mandarin-fish-freshwater-fake-bait-wholesale\/","title":{"rendered":"RANKOFISHING | Farbenfroher, am\u00fcsanter Vib-Weitwurfk\u00f6der aus Metall mit Glitzer, Springmaulbarsch, Mandarinfisch, S\u00fc\u00dfwasser-Kunstk\u00f6der, Gro\u00dfhandel"},"content":{"rendered":"<table>\n<tbody>\n<tr>\n<td width=\"104\">Artikelnr.<\/td>\n<td width=\"461\">\u00a0RK09<\/td>\n<\/tr>\n<tr>\n<td>Geh\u00e4usematerial<\/td>\n<td>\u00a0 Metall<\/td>\n<\/tr>\n<tr>\n<td>Gewicht<\/td>\n<td><\/td>\n<\/tr>\n<tr>\n<td>L\u00e4nge<\/td>\n<td><\/td>\n<\/tr>\n<tr>\n<td>Status<\/td>\n<td>\u00a0 Untergang<\/td>\n<\/tr>\n<tr>\n<td>Katalog<\/td>\n<td>\u00a0 VIB<\/td>\n<\/tr>\n<\/tbody>\n<\/table>","protected":false},"excerpt":{"rendered":"<p>Artikel Nr. RK09 K\u00f6rpermaterial Metall Gewicht L\u00e4nge Status Sinking Katalog VIB<\/p>","protected":false},"featured_media":6017,"template":"","meta":[],"product_categories":[28],"class_list":["post-6010","product","type-product","status-publish","has-post-thumbnail","hentry","product_categories-vib"],"acf":[],"_links":{"self":[{"href":"https:\/\/www.rankofishing.com\/de\/wp-json\/wp\/v2\/product\/6010","targetHints":{"allow":["GET"]}}],"collection":[{"href":"https:\/\/www.rankofishing.com\/de\/wp-json\/wp\/v2\/product"}],"about":[{"href":"https:\/\/www.rankofishing.com\/de\/wp-json\/wp\/v2\/types\/product"}],"wp:featuredmedia":[{"embeddable":true,"href":"https:\/\/www.rankofishing.com\/de\/wp-json\/wp\/v2\/media\/6017"}],"wp:attachment":[{"href":"https:\/\/www.rankofishing.com\/de\/wp-json\/wp\/v2\/media?parent=6010"}],"wp:term":[{"taxonomy":"product_categories","embeddable":true,"href":"https:\/\/www.rankofishing.com\/de\/wp-json\/wp\/v2\/product_categories?post=6010"}],"curies":[{"name":"wp","href":"https:\/\/api.w.org\/{rel}","templated":true}]}}